{"id":156,"date":"2020-10-24T15:18:54","date_gmt":"2020-10-24T15:18:54","guid":{"rendered":"https:\/\/petrabrauncoaching.com\/?page_id=156"},"modified":"2025-08-31T09:35:51","modified_gmt":"2025-08-31T09:35:51","slug":"workshops","status":"publish","type":"page","link":"https:\/\/petrabrauncoaching.com\/de\/workshops\/","title":{"rendered":"Workshops"},"content":{"rendered":"<div data-elementor-type=\"wp-page\" data-elementor-id=\"156\" class=\"elementor elementor-156\" data-elementor-settings=\"[]\">\n\t\t\t\t\t\t<div class=\"elementor-inner\">\n\t\t\t\t\t\t\t<div class=\"elementor-section-wrap\">\n\t\t\t\t\t\t\t<section class=\"elementor-section elementor-top-section elementor-element elementor-element-701aa77 elementor-section-boxed elementor-section-height-default elementor-section-height-default\" data-id=\"701aa77\" data-element_type=\"section\">\n\t\t\t\t\t\t<div class=\"elementor-container elementor-column-gap-default\">\n\t\t\t\t\t\t\t<div class=\"elementor-row\">\n\t\t\t\t\t<div class=\"elementor-column elementor-col-100 elementor-top-column elementor-element elementor-element-c3393f5\" data-id=\"c3393f5\" data-element_type=\"column\">\n\t\t\t<div class=\"elementor-column-wrap elementor-element-populated\">\n\t\t\t\t\t\t\t<div class=\"elementor-widget-wrap\">\n\t\t\t\t\t\t<div class=\"elementor-element elementor-element-7ee5439 elementor-widget elementor-widget-heading\" data-id=\"7ee5439\" data-element_type=\"widget\" data-widget_type=\"heading.default\">\n\t\t\t\t<div class=\"elementor-widget-container\">\n\t\t\t<h2 class=\"elementor-heading-title elementor-size-medium\">Numerologie (Workshop)<\/h2>\t\t<\/div>\n\t\t\t\t<\/div>\n\t\t\t\t\t\t<\/div>\n\t\t\t\t\t<\/div>\n\t\t<\/div>\n\t\t\t\t\t\t\t\t<\/div>\n\t\t\t\t\t<\/div>\n\t\t<\/section>\n\t\t\t\t<section class=\"elementor-section elementor-top-section elementor-element elementor-element-792ee6b elementor-section-boxed elementor-section-height-default elementor-section-height-default\" data-id=\"792ee6b\" data-element_type=\"section\">\n\t\t\t\t\t\t<div class=\"elementor-container elementor-column-gap-default\">\n\t\t\t\t\t\t\t<div class=\"elementor-row\">\n\t\t\t\t\t<div class=\"elementor-column elementor-col-100 elementor-top-column elementor-element elementor-element-cba27c4\" data-id=\"cba27c4\" data-element_type=\"column\">\n\t\t\t<div class=\"elementor-column-wrap elementor-element-populated\">\n\t\t\t\t\t\t\t<div class=\"elementor-widget-wrap\">\n\t\t\t\t\t\t<div class=\"elementor-element elementor-element-abaa543 elementor-widget elementor-widget-text-editor\" data-id=\"abaa543\" data-element_type=\"widget\" data-widget_type=\"text-editor.default\">\n\t\t\t\t<div class=\"elementor-widget-container\">\n\t\t\t\t\t\t\t\t<div class=\"elementor-text-editor elementor-clearfix\">\n\t\t\t\t\t<p>Numerologie ist die Kenntnis der Zahlen. Sie basiert auf einer Reihe von Grundannahmen und bietet Methoden zur Berechnung von Erkenntnissen \u00fcber sich selbst und Ihren Lebensweg.\u00a0<span style=\"color: var( --e-global-color-text ); font-family: var( --e-global-typography-text-font-family ), Sans-serif; font-weight: var( --e-global-typography-text-font-weight );\">Jeder Mensch hat mit seinem Geburtsdatum und Namen ein eindeutiges Zahlensystem, das als Wegweiser dient. Daraus k\u00f6nnen Sie ein numerologisches Geburtshoroskop berechnen (die Mission in Ihrem pers\u00f6nlichen Leben, Ihre Fallstricke und Ihre Herausforderungen).\u00a0<\/span><span style=\"color: var( --e-global-color-text ); font-family: var( --e-global-typography-text-font-family ), Sans-serif; font-weight: var( --e-global-typography-text-font-weight );\">Entdecken Sie in meinem Workshop, was Ihnen die Zahlen \u00fcber sich selbst verraten und wie Sie Ihre pers\u00f6nlichen Ziele leichter erreichen k\u00f6nnen; was Ihre St\u00e4rken und Schw\u00e4chen sind. Ich zeige Ihnen, wie Sie dies selbst berechnen und anwenden k\u00f6nnen. Die Kosten betragen \u20ac 35 pro Person. Das Paket besteht aus einer Reihe von Videos, die Schritt f\u00fcr Schritt erkl\u00e4ren, wie Sie dies berechnen k\u00f6nnen. Dazu geh\u00f6rt ein Arbeitsbuch, mit dem Sie sofort loslegen k\u00f6nnen. Sie k\u00f6nnen sich per WhatsApp oder E-Mail anmelden (siehe <em>Kontakt<\/em>).<\/span><\/p>\t\t\t\t\t<\/div>\n\t\t\t\t\t\t<\/div>\n\t\t\t\t<\/div>\n\t\t\t\t\t\t<\/div>\n\t\t\t\t\t<\/div>\n\t\t<\/div>\n\t\t\t\t\t\t\t\t<\/div>\n\t\t\t\t\t<\/div>\n\t\t<\/section>\n\t\t\t\t<section class=\"elementor-section elementor-top-section elementor-element elementor-element-f559ac8 elementor-section-boxed elementor-section-height-default elementor-section-height-default\" data-id=\"f559ac8\" data-element_type=\"section\">\n\t\t\t\t\t\t<div class=\"elementor-container elementor-column-gap-default\">\n\t\t\t\t\t\t\t<div class=\"elementor-row\">\n\t\t\t\t\t<div class=\"elementor-column elementor-col-100 elementor-top-column elementor-element elementor-element-08eeb3c\" data-id=\"08eeb3c\" data-element_type=\"column\">\n\t\t\t<div class=\"elementor-column-wrap elementor-element-populated\">\n\t\t\t\t\t\t\t<div class=\"elementor-widget-wrap\">\n\t\t\t\t\t\t<div class=\"elementor-element elementor-element-ae3956a elementor-widget elementor-widget-heading\" data-id=\"ae3956a\" data-element_type=\"widget\" data-widget_type=\"heading.default\">\n\t\t\t\t<div class=\"elementor-widget-container\">\n\t\t\t<h2 class=\"elementor-heading-title elementor-size-medium\">Traumanweisung (Workshop)<\/h2>\t\t<\/div>\n\t\t\t\t<\/div>\n\t\t\t\t\t\t<\/div>\n\t\t\t\t\t<\/div>\n\t\t<\/div>\n\t\t\t\t\t\t\t\t<\/div>\n\t\t\t\t\t<\/div>\n\t\t<\/section>\n\t\t\t\t<section class=\"elementor-section elementor-top-section elementor-element elementor-element-a2f3f6d elementor-section-boxed elementor-section-height-default elementor-section-height-default\" data-id=\"a2f3f6d\" data-element_type=\"section\">\n\t\t\t\t\t\t<div class=\"elementor-container elementor-column-gap-default\">\n\t\t\t\t\t\t\t<div class=\"elementor-row\">\n\t\t\t\t\t<div class=\"elementor-column elementor-col-100 elementor-top-column elementor-element elementor-element-f7827b0\" data-id=\"f7827b0\" data-element_type=\"column\">\n\t\t\t<div class=\"elementor-column-wrap elementor-element-populated\">\n\t\t\t\t\t\t\t<div class=\"elementor-widget-wrap\">\n\t\t\t\t\t\t<div class=\"elementor-element elementor-element-86c615a elementor-widget elementor-widget-text-editor\" data-id=\"86c615a\" data-element_type=\"widget\" data-widget_type=\"text-editor.default\">\n\t\t\t\t<div class=\"elementor-widget-container\">\n\t\t\t\t\t\t\t\t<div class=\"elementor-text-editor elementor-clearfix\">\n\t\t\t\t\t<p><span style=\"color: var( --e-global-color-text ); font-family: var( --e-global-typography-text-font-family ), Sans-serif; font-weight: var( --e-global-typography-text-font-weight );\">Ein Traum ist Ihr innerer Psychologe. Wenn Sie tr\u00e4umen, zeigt Ihnen Ihr Unterbewusstsein Probleme, Konflikte, W\u00fcnsche, Hoffnungen und m\u00f6gliche L\u00f6sungen. In meinem Workshop lernen Sie, Ihre Tr\u00e4ume zu deuten und sie auf Ihr t\u00e4gliches Leben anzuwenden.\u00a0<\/span><span style=\"color: var( --e-global-color-text ); font-family: var( --e-global-typography-text-font-family ), Sans-serif; font-weight: var( --e-global-typography-text-font-weight );\">Die Kosten f\u00fcr einen physischen oder Online-Workshop betragen \u20ac 35 pro Person. Dazu geh\u00f6rt auch eine pers\u00f6nliche Erkl\u00e4rung Ihrer eigenen Tr\u00e4ume. Sie k\u00f6nnen sich per WhatsApp oder E-Mail anmelden (siehe <em>Kontakt<\/em>).<\/span><\/p>\t\t\t\t\t<\/div>\n\t\t\t\t\t\t<\/div>\n\t\t\t\t<\/div>\n\t\t\t\t\t\t<\/div>\n\t\t\t\t\t<\/div>\n\t\t<\/div>\n\t\t\t\t\t\t\t\t<\/div>\n\t\t\t\t\t<\/div>\n\t\t<\/section>\n\t\t\t\t<section class=\"elementor-section elementor-top-section elementor-element elementor-element-5f51438 elementor-section-boxed elementor-section-height-default elementor-section-height-default\" data-id=\"5f51438\" data-element_type=\"section\">\n\t\t\t\t\t\t<div class=\"elementor-container elementor-column-gap-default\">\n\t\t\t\t\t\t\t<div class=\"elementor-row\">\n\t\t\t\t\t<div class=\"elementor-column elementor-col-100 elementor-top-column elementor-element elementor-element-c79f4b3\" data-id=\"c79f4b3\" data-element_type=\"column\">\n\t\t\t<div class=\"elementor-column-wrap elementor-element-populated\">\n\t\t\t\t\t\t\t<div class=\"elementor-widget-wrap\">\n\t\t\t\t\t\t<div class=\"elementor-element elementor-element-e116ae4 elementor-widget elementor-widget-heading\" data-id=\"e116ae4\" data-element_type=\"widget\" data-widget_type=\"heading.default\">\n\t\t\t\t<div class=\"elementor-widget-container\">\n\t\t\t<h2 class=\"elementor-heading-title elementor-size-medium\">Patch Works! (Ausbildung)<\/h2>\t\t<\/div>\n\t\t\t\t<\/div>\n\t\t\t\t\t\t<\/div>\n\t\t\t\t\t<\/div>\n\t\t<\/div>\n\t\t\t\t\t\t\t\t<\/div>\n\t\t\t\t\t<\/div>\n\t\t<\/section>\n\t\t\t\t<section class=\"elementor-section elementor-top-section elementor-element elementor-element-2e11558 elementor-section-boxed elementor-section-height-default elementor-section-height-default\" data-id=\"2e11558\" data-element_type=\"section\">\n\t\t\t\t\t\t<div class=\"elementor-container elementor-column-gap-default\">\n\t\t\t\t\t\t\t<div class=\"elementor-row\">\n\t\t\t\t\t<div class=\"elementor-column elementor-col-100 elementor-top-column elementor-element elementor-element-0b422e5\" data-id=\"0b422e5\" data-element_type=\"column\">\n\t\t\t<div class=\"elementor-column-wrap elementor-element-populated\">\n\t\t\t\t\t\t\t<div class=\"elementor-widget-wrap\">\n\t\t\t\t\t\t<div class=\"elementor-element elementor-element-4dd0d4d elementor-widget elementor-widget-text-editor\" data-id=\"4dd0d4d\" data-element_type=\"widget\" data-widget_type=\"text-editor.default\">\n\t\t\t\t<div class=\"elementor-widget-container\">\n\t\t\t\t\t\t\t\t<div class=\"elementor-text-editor elementor-clearfix\">\n\t\t\t\t\t<p><span style=\"color: var( --e-global-color-text ); font-family: var( --e-global-typography-text-font-family ), Sans-serif; font-weight: var( --e-global-typography-text-font-weight );\">Haben Sie auch mit der Erziehung Ihrer Stiefkinder zu k\u00e4mpfen? F\u00e4llt es Ihnen auch schwer, Ihre Rolle als Stiefelternteil zu gestalten? M\u00f6chten Sie die Spannungen in Ihrer Patchwork-Familie l\u00f6sen? Leiden Sie auch unter dem Expartner (seiner Macht)? Oder haben Sie das Gef\u00fchl, dass die Balance zwischen Geben und Nehmen schwer zu finden ist? Dann investieren Sie in eine gl\u00fcckliche Familie und melden Sie sich f\u00fcr dieses Training per WhatsApp oder E-Mail an (siehe <\/span><em style=\"color: var( --e-global-color-text ); font-family: var( --e-global-typography-text-font-family ), Sans-serif; font-weight: var( --e-global-typography-text-font-weight );\">Kontakt<\/em><span style=\"color: var( --e-global-color-text ); font-family: var( --e-global-typography-text-font-family ), Sans-serif; font-weight: var( --e-global-typography-text-font-weight );\">).<\/span><\/p><p><span style=\"color: var( --e-global-color-text ); font-family: var( --e-global-typography-text-font-family ), Sans-serif; font-weight: var( --e-global-typography-text-font-weight );\"><br><\/span><\/p><p>Diese Optionen sind vor\u00fcbergehend nicht verf\u00fcgbar.<\/p>\t\t\t\t\t<\/div>\n\t\t\t\t\t\t<\/div>\n\t\t\t\t<\/div>\n\t\t\t\t\t\t<\/div>\n\t\t\t\t\t<\/div>\n\t\t<\/div>\n\t\t\t\t\t\t\t\t<\/div>\n\t\t\t\t\t<\/div>\n\t\t<\/section>\n\t\t\t\t<section class=\"elementor-section elementor-top-section elementor-element elementor-element-dd88897 elementor-section-boxed elementor-section-height-default elementor-section-height-default\" data-id=\"dd88897\" data-element_type=\"section\">\n\t\t\t\t\t\t<div class=\"elementor-container elementor-column-gap-default\">\n\t\t\t\t\t\t\t<div class=\"elementor-row\">\n\t\t\t\t\t<div class=\"elementor-column elementor-col-100 elementor-top-column elementor-element elementor-element-24c064d\" data-id=\"24c064d\" data-element_type=\"column\">\n\t\t\t<div class=\"elementor-column-wrap elementor-element-populated\">\n\t\t\t\t\t\t\t<div class=\"elementor-widget-wrap\">\n\t\t\t\t\t\t<div class=\"elementor-element elementor-element-0a1e700 elementor-align-left elementor-mobile-align-center elementor-widget elementor-widget-button\" data-id=\"0a1e700\" data-element_type=\"widget\" data-widget_type=\"button.default\">\n\t\t\t\t<div class=\"elementor-widget-container\">\n\t\t\t\t\t<div class=\"elementor-button-wrapper\">\n\t\t\t<a href=\"https:\/\/petrabrauncoaching.com\/de\/aanmelden\/\" class=\"elementor-button-link elementor-button elementor-size-md\" role=\"button\">\n\t\t\t\t\t\t<span class=\"elementor-button-content-wrapper\">\n\t\t\t\t\t\t<span class=\"elementor-button-icon elementor-align-icon-right\">\n\t\t\t\t<i aria-hidden=\"true\" class=\"fas fa-angle-double-right\"><\/i>\t\t\t<\/span>\n\t\t\t\t\t\t<span class=\"elementor-button-text\">Anmelden<\/span>\n\t\t<\/span>\n\t\t\t\t\t<\/a>\n\t\t<\/div>\n\t\t\t\t<\/div>\n\t\t\t\t<\/div>\n\t\t\t\t\t\t<\/div>\n\t\t\t\t\t<\/div>\n\t\t<\/div>\n\t\t\t\t\t\t\t\t<\/div>\n\t\t\t\t\t<\/div>\n\t\t<\/section>\n\t\t\t\t\t\t<\/div>\n\t\t\t\t\t\t<\/div>\n\t\t\t\t\t<\/div>","protected":false},"excerpt":{"rendered":"<p>Numerologie (workshop) Numerologie is de kennis der getallen. Het gaat uit van een aantal basisaannames en biedt daarnaast methodes om inzichten in jezelf en je levenspad te berekenen.\u00a0Ieder mens heeft met zijn geboortedatum en geboortenaam een uniek getallenstelsel dat dienst doet als gids. Hiervan kun je een numerologische geboortehoroscoop (de missie in je persoonlijk leven,<br \/><a class=\"btn btn-tislider blog-readmore\" href=\"https:\/\/petrabrauncoaching.com\/de\/workshops\/\">Weiterlesen<\/a><\/p>","protected":false},"author":1,"featured_media":0,"parent":0,"menu_order":0,"comment_status":"closed","ping_status":"closed","template":"","meta":[],"_links":{"self":[{"href":"https:\/\/petrabrauncoaching.com\/de\/wp-json\/wp\/v2\/pages\/156"}],"collection":[{"href":"https:\/\/petrabrauncoaching.com\/de\/wp-json\/wp\/v2\/pages"}],"about":[{"href":"https:\/\/petrabrauncoaching.com\/de\/wp-json\/wp\/v2\/types\/page"}],"author":[{"embeddable":true,"href":"https:\/\/petrabrauncoaching.com\/de\/wp-json\/wp\/v2\/users\/1"}],"replies":[{"embeddable":true,"href":"https:\/\/petrabrauncoaching.com\/de\/wp-json\/wp\/v2\/comments?post=156"}],"version-history":[{"count":73,"href":"https:\/\/petrabrauncoaching.com\/de\/wp-json\/wp\/v2\/pages\/156\/revisions"}],"predecessor-version":[{"id":793,"href":"https:\/\/petrabrauncoaching.com\/de\/wp-json\/wp\/v2\/pages\/156\/revisions\/793"}],"wp:attachment":[{"href":"https:\/\/petrabrauncoaching.com\/de\/wp-json\/wp\/v2\/media?parent=156"}],"curies":[{"name":"wp","href":"https:\/\/api.w.org\/{rel}","templated":true}]}}