{"id":160,"date":"2020-10-24T15:19:37","date_gmt":"2020-10-24T15:19:37","guid":{"rendered":"https:\/\/petrabrauncoaching.com\/?page_id=160"},"modified":"2025-08-31T09:29:34","modified_gmt":"2025-08-31T09:29:34","slug":"coaching","status":"publish","type":"page","link":"https:\/\/petrabrauncoaching.com\/de\/coaching\/","title":{"rendered":"&#8220;Change nothing and nothing changes&#8221;"},"content":{"rendered":"<div data-elementor-type=\"wp-page\" data-elementor-id=\"160\" class=\"elementor elementor-160\" data-elementor-settings=\"[]\">\n\t\t\t\t\t\t<div class=\"elementor-inner\">\n\t\t\t\t\t\t\t<div class=\"elementor-section-wrap\">\n\t\t\t\t\t\t\t<section class=\"elementor-section elementor-top-section elementor-element elementor-element-7605424 elementor-section-boxed elementor-section-height-default elementor-section-height-default\" data-id=\"7605424\" data-element_type=\"section\">\n\t\t\t\t\t\t<div class=\"elementor-container elementor-column-gap-default\">\n\t\t\t\t\t\t\t<div class=\"elementor-row\">\n\t\t\t\t\t<div class=\"elementor-column elementor-col-100 elementor-top-column elementor-element elementor-element-ba7bf84\" data-id=\"ba7bf84\" data-element_type=\"column\">\n\t\t\t<div class=\"elementor-column-wrap elementor-element-populated\">\n\t\t\t\t\t\t\t<div class=\"elementor-widget-wrap\">\n\t\t\t\t\t\t<div class=\"elementor-element elementor-element-7729a09 elementor-widget elementor-widget-heading\" data-id=\"7729a09\" data-element_type=\"widget\" data-widget_type=\"heading.default\">\n\t\t\t\t<div class=\"elementor-widget-container\">\n\t\t\t<h2 class=\"elementor-heading-title elementor-size-medium\">Coach4All <\/h2>\t\t<\/div>\n\t\t\t\t<\/div>\n\t\t\t\t\t\t<\/div>\n\t\t\t\t\t<\/div>\n\t\t<\/div>\n\t\t\t\t\t\t\t\t<\/div>\n\t\t\t\t\t<\/div>\n\t\t<\/section>\n\t\t\t\t<section class=\"elementor-section elementor-top-section elementor-element elementor-element-d6a8620 elementor-section-boxed elementor-section-height-default elementor-section-height-default\" data-id=\"d6a8620\" data-element_type=\"section\">\n\t\t\t\t\t\t<div class=\"elementor-container elementor-column-gap-default\">\n\t\t\t\t\t\t\t<div class=\"elementor-row\">\n\t\t\t\t\t<div class=\"elementor-column elementor-col-100 elementor-top-column elementor-element elementor-element-3c6e4d7\" data-id=\"3c6e4d7\" data-element_type=\"column\">\n\t\t\t<div class=\"elementor-column-wrap elementor-element-populated\">\n\t\t\t\t\t\t\t<div class=\"elementor-widget-wrap\">\n\t\t\t\t\t\t<div class=\"elementor-element elementor-element-9e7043d elementor-widget elementor-widget-text-editor\" data-id=\"9e7043d\" data-element_type=\"widget\" data-widget_type=\"text-editor.default\">\n\t\t\t\t<div class=\"elementor-widget-container\">\n\t\t\t\t\t\t\t\t<div class=\"elementor-text-editor elementor-clearfix\">\n\t\t\t\t\t<p>Coach4All ist eine Coaching- und Therapieausbildung auf HBO-Ebene, in der die Methoden NLP und NEI (siehe unten) im Mittelpunkt stehen. Mit der Coach4All-Methode werden verborgene Erinnerungen und Erfahrungen auf schnelle, effektive und einfache Weise an die Oberfl\u00e4che gebracht. Es sp\u00fcrt in kurzer Zeit eingefahrene Verhaltensmuster und negative emotionale und k\u00f6rperliche Reaktionen auf und stellt eine Beziehung zwischen einem Ereignis in der Gegenwart und einem ungel\u00f6sten Ereignis aus der Vergangenheit her.<\/p><p>Bei NEI (Neuro Emotionale Integration) nehmen wir \u00fcber einen Muskeltest Kontakt mit dem Unterbewusstsein auf, in dem alle unsere vergangenen Erfahrungen gespeichert sind. Um herauszufinden, mit welchen Emotionen die jeweiligen Erlebnisse verbunden sind, werden die sogenannten Organreflexpunkte getestet. Wenn klar ist, mit welcher Emotion eine bestimmte Beschwerde verbunden ist und welche Personen und\/oder Ereignisse damit verbunden sind, wird mit Hilfe einer Zeitleiste (zur\u00fcck in die Vergangenheit) der allererste Moment gefunden, in dem diese Emotion aufgetreten ist. Mit Hilfe von u.a. TB (bewusster) Atmung durchbrechen wir das alte Muster, so dass Sie die Kontrolle \u00fcber Ihr Leben zur\u00fcckgewinnen k\u00f6nnen.\u00a0<\/p><p>Neurolinguistisches Programmieren (NLP) ist eine klare, effektive Kommunikationsmethode und besch\u00e4ftigt sich mit den unbewussten Prozessen der (internen und externen) Kommunikation. Unsere Erfahrungen werden in Form von Bildern, Kl\u00e4ngen, Gef\u00fchlen, Ger\u00fcchen und Geschm\u00e4ckern gespeichert. Der Kommunikationsprozess wird jedoch oft durch Blockaden, durch alte, negative Gef\u00fchle und Glaubenss\u00e4tze gest\u00f6rt. NLP hilft uns zu verstehen, wie Sprache unsere Gedanken, Gef\u00fchle und unser Verhalten beeinflusst. Durch die Anwendung von NLP-Techniken und -Methoden werden Sie die Welt und die Menschen um Sie herum anders betrachten. Eine andere Sichtweise tr\u00e4gt zu einer anderen Erfahrung bei. So k\u00f6nnen Sie mit bestimmten Situationen besser umgehen.\u00a0<\/p>\t\t\t\t\t<\/div>\n\t\t\t\t\t\t<\/div>\n\t\t\t\t<\/div>\n\t\t\t\t\t\t<\/div>\n\t\t\t\t\t<\/div>\n\t\t<\/div>\n\t\t\t\t\t\t\t\t<\/div>\n\t\t\t\t\t<\/div>\n\t\t<\/section>\n\t\t\t\t<section class=\"elementor-section elementor-top-section elementor-element elementor-element-28ee27f elementor-section-boxed elementor-section-height-default elementor-section-height-default\" data-id=\"28ee27f\" data-element_type=\"section\">\n\t\t\t\t\t\t<div class=\"elementor-container elementor-column-gap-default\">\n\t\t\t\t\t\t\t<div class=\"elementor-row\">\n\t\t\t\t\t<div class=\"elementor-column elementor-col-100 elementor-top-column elementor-element elementor-element-25175b2\" data-id=\"25175b2\" data-element_type=\"column\">\n\t\t\t<div class=\"elementor-column-wrap elementor-element-populated\">\n\t\t\t\t\t\t\t<div class=\"elementor-widget-wrap\">\n\t\t\t\t\t\t<div class=\"elementor-element elementor-element-b07827b elementor-widget elementor-widget-heading\" data-id=\"b07827b\" data-element_type=\"widget\" data-widget_type=\"heading.default\">\n\t\t\t\t<div class=\"elementor-widget-container\">\n\t\t\t<h2 class=\"elementor-heading-title elementor-size-medium\">Online-Coaching<\/h2>\t\t<\/div>\n\t\t\t\t<\/div>\n\t\t\t\t\t\t<\/div>\n\t\t\t\t\t<\/div>\n\t\t<\/div>\n\t\t\t\t\t\t\t\t<\/div>\n\t\t\t\t\t<\/div>\n\t\t<\/section>\n\t\t\t\t<section class=\"elementor-section elementor-top-section elementor-element elementor-element-a42ec2b elementor-section-boxed elementor-section-height-default elementor-section-height-default\" data-id=\"a42ec2b\" data-element_type=\"section\">\n\t\t\t\t\t\t<div class=\"elementor-container elementor-column-gap-default\">\n\t\t\t\t\t\t\t<div class=\"elementor-row\">\n\t\t\t\t\t<div class=\"elementor-column elementor-col-100 elementor-top-column elementor-element elementor-element-338c244\" data-id=\"338c244\" data-element_type=\"column\">\n\t\t\t<div class=\"elementor-column-wrap elementor-element-populated\">\n\t\t\t\t\t\t\t<div class=\"elementor-widget-wrap\">\n\t\t\t\t\t\t<div class=\"elementor-element elementor-element-5e63b82 elementor-widget elementor-widget-text-editor\" data-id=\"5e63b82\" data-element_type=\"widget\" data-widget_type=\"text-editor.default\">\n\t\t\t\t<div class=\"elementor-widget-container\">\n\t\t\t\t\t\t\t\t<div class=\"elementor-text-editor elementor-clearfix\">\n\t\t\t\t\t<p><span style=\"color: var( --e-global-color-text ); font-family: var( --e-global-typography-text-font-family ), Sans-serif; font-weight: var( --e-global-typography-text-font-weight );\">Leiden Sie unter Angst-, Konzentrations-, Sucht-, Beziehungs- und Schlafproblemen, Depressionen, Burn-out oder diversen anderen k\u00f6rperlichen und psychischen Beschwerden? Planen Sie eine Online-Coach (4All)-Sitzung mit mir per WhatsApp oder E-Mail (siehe <em>Kontakt<\/em>), dies kann auch am Wochenende sein. W\u00e4hrend der Sitzung arbeiten wir Schritt f\u00fcr Schritt auf ein effektives Ergebnis hin. Denn <em>\u201ewenn man nichts \u00e4ndert, \u00e4ndert sich auch nichts\u201c.<\/em>.&nbsp;<\/span><\/p><p><span style=\"color: var( --e-global-color-text ); font-family: var( --e-global-typography-text-font-family ), Sans-serif; font-weight: var( --e-global-typography-text-font-weight );\">Diese Optionen sind vor\u00fcbergehend nicht verf\u00fcgbar.<\/span><\/p>\t\t\t\t\t<\/div>\n\t\t\t\t\t\t<\/div>\n\t\t\t\t<\/div>\n\t\t\t\t\t\t<\/div>\n\t\t\t\t\t<\/div>\n\t\t<\/div>\n\t\t\t\t\t\t\t\t<\/div>\n\t\t\t\t\t<\/div>\n\t\t<\/section>\n\t\t\t\t<section class=\"elementor-section elementor-top-section elementor-element elementor-element-a4e6a14 elementor-section-boxed elementor-section-height-default elementor-section-height-default\" data-id=\"a4e6a14\" data-element_type=\"section\">\n\t\t\t\t\t\t<div class=\"elementor-container elementor-column-gap-default\">\n\t\t\t\t\t\t\t<div class=\"elementor-row\">\n\t\t\t\t\t<div class=\"elementor-column elementor-col-100 elementor-top-column elementor-element elementor-element-05853cb\" data-id=\"05853cb\" data-element_type=\"column\">\n\t\t\t<div class=\"elementor-column-wrap elementor-element-populated\">\n\t\t\t\t\t\t\t<div class=\"elementor-widget-wrap\">\n\t\t\t\t\t\t<div class=\"elementor-element elementor-element-7e8639b elementor-widget elementor-widget-image\" data-id=\"7e8639b\" data-element_type=\"widget\" data-widget_type=\"image.default\">\n\t\t\t\t<div class=\"elementor-widget-container\">\n\t\t\t\t\t\t\t\t<div class=\"elementor-image\">\n\t\t\t\t\t\t\t\t\t\t\t\t<img width=\"580\" height=\"466\" src=\"https:\/\/petrabrauncoaching.com\/wp-content\/uploads\/2020\/11\/foto-coaching.jpg\" class=\"attachment-medium_large size-medium_large\" alt=\"\" decoding=\"async\" loading=\"lazy\" srcset=\"https:\/\/petrabrauncoaching.com\/wp-content\/uploads\/2020\/11\/foto-coaching.jpg 580w, https:\/\/petrabrauncoaching.com\/wp-content\/uploads\/2020\/11\/foto-coaching-300x241.jpg 300w\" sizes=\"(max-width: 580px) 100vw, 580px\" \/>\t\t\t\t\t\t\t\t\t\t\t\t\t\t<\/div>\n\t\t\t\t\t\t<\/div>\n\t\t\t\t<\/div>\n\t\t\t\t\t\t<\/div>\n\t\t\t\t\t<\/div>\n\t\t<\/div>\n\t\t\t\t\t\t\t\t<\/div>\n\t\t\t\t\t<\/div>\n\t\t<\/section>\n\t\t\t\t<section class=\"elementor-section elementor-top-section elementor-element elementor-element-038c971 elementor-section-boxed elementor-section-height-default elementor-section-height-default\" data-id=\"038c971\" data-element_type=\"section\">\n\t\t\t\t\t\t<div class=\"elementor-container elementor-column-gap-default\">\n\t\t\t\t\t\t\t<div class=\"elementor-row\">\n\t\t\t\t\t<div class=\"elementor-column elementor-col-100 elementor-top-column elementor-element elementor-element-a4751d2\" data-id=\"a4751d2\" data-element_type=\"column\">\n\t\t\t<div class=\"elementor-column-wrap elementor-element-populated\">\n\t\t\t\t\t\t\t<div class=\"elementor-widget-wrap\">\n\t\t\t\t\t\t<div class=\"elementor-element elementor-element-bb0cbc9 elementor-align-left elementor-mobile-align-center elementor-widget elementor-widget-button\" data-id=\"bb0cbc9\" data-element_type=\"widget\" data-widget_type=\"button.default\">\n\t\t\t\t<div class=\"elementor-widget-container\">\n\t\t\t\t\t<div class=\"elementor-button-wrapper\">\n\t\t\t<a href=\"https:\/\/petrabrauncoaching.com\/de\/aanmelden\/\" class=\"elementor-button-link elementor-button elementor-size-md\" role=\"button\">\n\t\t\t\t\t\t<span class=\"elementor-button-content-wrapper\">\n\t\t\t\t\t\t<span class=\"elementor-button-icon elementor-align-icon-right\">\n\t\t\t\t<i aria-hidden=\"true\" class=\"fas fa-angle-double-right\"><\/i>\t\t\t<\/span>\n\t\t\t\t\t\t<span class=\"elementor-button-text\">Anmelden<\/span>\n\t\t<\/span>\n\t\t\t\t\t<\/a>\n\t\t<\/div>\n\t\t\t\t<\/div>\n\t\t\t\t<\/div>\n\t\t\t\t\t\t<\/div>\n\t\t\t\t\t<\/div>\n\t\t<\/div>\n\t\t\t\t\t\t\t\t<\/div>\n\t\t\t\t\t<\/div>\n\t\t<\/section>\n\t\t\t\t\t\t<\/div>\n\t\t\t\t\t\t<\/div>\n\t\t\t\t\t<\/div>","protected":false},"excerpt":{"rendered":"<p>Coach4All Coach4All is een coaching- en therapie opleiding op HBO niveau, waarin de NLP en NEI methodieken centraal staan. Met de Coach4All methode worden verborgen herinneringen en ervaringen op een snelle, effectieve en eenvoudige wijze naar boven gebracht. Het spoort in korte tijd ingesleten gedragspatronen en negatieve, emotionele en fysieke reacties op en legt een<br \/><a class=\"btn btn-tislider blog-readmore\" href=\"https:\/\/petrabrauncoaching.com\/de\/coaching\/\">Weiterlesen<\/a><\/p>","protected":false},"author":1,"featured_media":0,"parent":0,"menu_order":0,"comment_status":"closed","ping_status":"closed","template":"","meta":[],"_links":{"self":[{"href":"https:\/\/petrabrauncoaching.com\/de\/wp-json\/wp\/v2\/pages\/160"}],"collection":[{"href":"https:\/\/petrabrauncoaching.com\/de\/wp-json\/wp\/v2\/pages"}],"about":[{"href":"https:\/\/petrabrauncoaching.com\/de\/wp-json\/wp\/v2\/types\/page"}],"author":[{"embeddable":true,"href":"https:\/\/petrabrauncoaching.com\/de\/wp-json\/wp\/v2\/users\/1"}],"replies":[{"embeddable":true,"href":"https:\/\/petrabrauncoaching.com\/de\/wp-json\/wp\/v2\/comments?post=160"}],"version-history":[{"count":53,"href":"https:\/\/petrabrauncoaching.com\/de\/wp-json\/wp\/v2\/pages\/160\/revisions"}],"predecessor-version":[{"id":790,"href":"https:\/\/petrabrauncoaching.com\/de\/wp-json\/wp\/v2\/pages\/160\/revisions\/790"}],"wp:attachment":[{"href":"https:\/\/petrabrauncoaching.com\/de\/wp-json\/wp\/v2\/media?parent=160"}],"curies":[{"name":"wp","href":"https:\/\/api.w.org\/{rel}","templated":true}]}}