{"id":19,"date":"2020-10-18T09:25:00","date_gmt":"2020-10-18T09:25:00","guid":{"rendered":"https:\/\/petrabrauncoaching.com\/?page_id=19"},"modified":"2025-10-22T15:51:56","modified_gmt":"2025-10-22T15:51:56","slug":"homepage","status":"publish","type":"page","link":"https:\/\/petrabrauncoaching.com\/de\/","title":{"rendered":"&#8220;Only one person can change your life: You!&#8221;"},"content":{"rendered":"<div data-elementor-type=\"wp-page\" data-elementor-id=\"19\" class=\"elementor elementor-19\" data-elementor-settings=\"[]\">\n\t\t\t\t\t\t<div class=\"elementor-inner\">\n\t\t\t\t\t\t\t<div class=\"elementor-section-wrap\">\n\t\t\t\t\t\t\t<section class=\"elementor-section elementor-top-section elementor-element elementor-element-4e7bb060 elementor-section-content-middle elementor-reverse-mobile elementor-section-height-min-height elementor-section-boxed elementor-section-height-default elementor-section-items-middle\" data-id=\"4e7bb060\" data-element_type=\"section\">\n\t\t\t\t\t\t\t<div class=\"elementor-background-overlay\"><\/div>\n\t\t\t\t\t\t\t<div class=\"elementor-container elementor-column-gap-no\">\n\t\t\t\t\t\t\t<div class=\"elementor-row\">\n\t\t\t\t\t<div class=\"elementor-column elementor-col-50 elementor-top-column elementor-element elementor-element-28c96ad\" data-id=\"28c96ad\" data-element_type=\"column\">\n\t\t\t<div class=\"elementor-column-wrap elementor-element-populated\">\n\t\t\t\t\t\t\t<div class=\"elementor-widget-wrap\">\n\t\t\t\t\t\t<div class=\"elementor-element elementor-element-425a8150 elementor-widget elementor-widget-heading\" data-id=\"425a8150\" data-element_type=\"widget\" data-widget_type=\"heading.default\">\n\t\t\t\t<div class=\"elementor-widget-container\">\n\t\t\t<h3 class=\"elementor-heading-title elementor-size-default\">Familienaufstellungen<\/h3>\t\t<\/div>\n\t\t\t\t<\/div>\n\t\t\t\t<div class=\"elementor-element elementor-element-62e66fe1 elementor-widget elementor-widget-text-editor\" data-id=\"62e66fe1\" data-element_type=\"widget\" data-widget_type=\"text-editor.default\">\n\t\t\t\t<div class=\"elementor-widget-container\">\n\t\t\t\t\t\t\t\t<div class=\"elementor-text-editor elementor-clearfix\">\n\t\t\t\t\t<p>&#8220;<em>\u00dcber die Steine, die die Eltern nicht aufr\u00e4umen, stolpern die Kinder<\/em>\". Dieses surinamische Sprichwort zeigt, wie gro\u00df der Einfluss von (Familien-)Mustern ist.&nbsp;<span style=\"color: var( --e-global-color-text ); font-weight: var( --e-global-typography-text-font-weight );\">Leiden Sie unter Angst, Traurigkeit, Schuldgef\u00fchlen, Sucht, Depression, Gesundheits-, Beziehungs- oder Erziehungsproblemen? Dann nehmen Sie an einer Familienaufstellung teil, die hilft, alte Muster zu durchbrechen. Schieben Sie also nicht l\u00e4nger beiseite, sondern stellen Sie auf!<\/span><\/p>\n<p><b>Termine<\/b>: 7. Dezember 2025 Beltrum (NL), 3. Januar 2026 Wettringen (D), 29. M\u00e4rz 2026 Wettringen (D), 12. April 2026 Beltrum (NL), 13. Juni 2026 Wijchen (NL), 5. Juli 2026 Wettringen (D) und 11. Oktober 2026 Wettringen (D).<\/p>\t\t\t\t\t<\/div>\n\t\t\t\t\t\t<\/div>\n\t\t\t\t<\/div>\n\t\t\t\t<div class=\"elementor-element elementor-element-54ec1293 elementor-align-left elementor-mobile-align-center elementor-widget elementor-widget-button\" data-id=\"54ec1293\" data-element_type=\"widget\" data-widget_type=\"button.default\">\n\t\t\t\t<div class=\"elementor-widget-container\">\n\t\t\t\t\t<div class=\"elementor-button-wrapper\">\n\t\t\t<a href=\"https:\/\/petrabrauncoaching.com\/de\/familieopstellingen\/\" class=\"elementor-button-link elementor-button elementor-size-md\" role=\"button\">\n\t\t\t\t\t\t<span class=\"elementor-button-content-wrapper\">\n\t\t\t\t\t\t<span class=\"elementor-button-icon elementor-align-icon-right\">\n\t\t\t\t<i aria-hidden=\"true\" class=\"fas fa-angle-double-right\"><\/i>\t\t\t<\/span>\n\t\t\t\t\t\t<span class=\"elementor-button-text\">Mehr<\/span>\n\t\t<\/span>\n\t\t\t\t\t<\/a>\n\t\t<\/div>\n\t\t\t\t<\/div>\n\t\t\t\t<\/div>\n\t\t\t\t\t\t<\/div>\n\t\t\t\t\t<\/div>\n\t\t<\/div>\n\t\t\t\t<div class=\"elementor-column elementor-col-50 elementor-top-column elementor-element elementor-element-5e92f6cc\" data-id=\"5e92f6cc\" data-element_type=\"column\">\n\t\t\t<div class=\"elementor-column-wrap elementor-element-populated\">\n\t\t\t\t\t\t\t<div class=\"elementor-widget-wrap\">\n\t\t\t\t\t\t<div class=\"elementor-element elementor-element-4673b4e2 elementor-widget elementor-widget-image\" data-id=\"4673b4e2\" data-element_type=\"widget\" data-widget_type=\"image.default\">\n\t\t\t\t<div class=\"elementor-widget-container\">\n\t\t\t\t\t\t\t\t<div class=\"elementor-image\">\n\t\t\t\t\t\t\t\t\t\t\t\t<img width=\"640\" height=\"427\" src=\"https:\/\/petrabrauncoaching.com\/wp-content\/uploads\/2020\/11\/opstellingenfoto-internet.png\" class=\"attachment-large size-large\" alt=\"\" decoding=\"async\" loading=\"lazy\" srcset=\"https:\/\/petrabrauncoaching.com\/wp-content\/uploads\/2020\/11\/opstellingenfoto-internet.png 750w, https:\/\/petrabrauncoaching.com\/wp-content\/uploads\/2020\/11\/opstellingenfoto-internet-300x200.png 300w\" sizes=\"(max-width: 640px) 100vw, 640px\" \/>\t\t\t\t\t\t\t\t\t\t\t\t\t\t<\/div>\n\t\t\t\t\t\t<\/div>\n\t\t\t\t<\/div>\n\t\t\t\t\t\t<\/div>\n\t\t\t\t\t<\/div>\n\t\t<\/div>\n\t\t\t\t\t\t\t\t<\/div>\n\t\t\t\t\t<\/div>\n\t\t<\/section>\n\t\t\t\t<section class=\"elementor-section elementor-top-section elementor-element elementor-element-d8bd832 elementor-section-boxed elementor-section-height-default elementor-section-height-default\" data-id=\"d8bd832\" data-element_type=\"section\">\n\t\t\t\t\t\t<div class=\"elementor-container elementor-column-gap-default\">\n\t\t\t\t\t\t\t<div class=\"elementor-row\">\n\t\t\t\t\t<div class=\"elementor-column elementor-col-100 elementor-top-column elementor-element elementor-element-937a190\" data-id=\"937a190\" data-element_type=\"column\">\n\t\t\t<div class=\"elementor-column-wrap elementor-element-populated\">\n\t\t\t\t\t\t\t<div class=\"elementor-widget-wrap\">\n\t\t\t\t\t\t<div class=\"elementor-element elementor-element-5e66b02 elementor-widget elementor-widget-text-editor\" data-id=\"5e66b02\" data-element_type=\"widget\" data-widget_type=\"text-editor.default\">\n\t\t\t\t<div class=\"elementor-widget-container\">\n\t\t\t\t\t\t\t\t<div class=\"elementor-text-editor elementor-clearfix\">\n\t\t\t\t\t\t\t\t\t\t<\/div>\n\t\t\t\t\t\t<\/div>\n\t\t\t\t<\/div>\n\t\t\t\t\t\t<\/div>\n\t\t\t\t\t<\/div>\n\t\t<\/div>\n\t\t\t\t\t\t\t\t<\/div>\n\t\t\t\t\t<\/div>\n\t\t<\/section>\n\t\t\t\t<section class=\"elementor-section elementor-top-section elementor-element elementor-element-6738b74a elementor-section-content-middle elementor-section-height-min-height elementor-section-boxed elementor-section-height-default elementor-section-items-middle\" data-id=\"6738b74a\" data-element_type=\"section\">\n\t\t\t\t\t\t\t<div class=\"elementor-background-overlay\"><\/div>\n\t\t\t\t\t\t\t<div class=\"elementor-container elementor-column-gap-no\">\n\t\t\t\t\t\t\t<div class=\"elementor-row\">\n\t\t\t\t\t<div class=\"elementor-column elementor-col-50 elementor-top-column elementor-element elementor-element-4d9e92a3\" data-id=\"4d9e92a3\" data-element_type=\"column\">\n\t\t\t<div class=\"elementor-column-wrap elementor-element-populated\">\n\t\t\t\t\t\t\t<div class=\"elementor-widget-wrap\">\n\t\t\t\t\t\t<div class=\"elementor-element elementor-element-78a5cfa2 elementor-widget elementor-widget-image\" data-id=\"78a5cfa2\" data-element_type=\"widget\" data-widget_type=\"image.default\">\n\t\t\t\t<div class=\"elementor-widget-container\">\n\t\t\t\t\t\t\t\t<div class=\"elementor-image\">\n\t\t\t\t\t\t\t\t\t\t\t\t<img width=\"640\" height=\"480\" src=\"https:\/\/petrabrauncoaching.com\/wp-content\/uploads\/2020\/12\/mimo1-1024x768.jpg\" class=\"attachment-large size-large\" alt=\"\" decoding=\"async\" loading=\"lazy\" srcset=\"https:\/\/petrabrauncoaching.com\/wp-content\/uploads\/2020\/12\/mimo1-1024x768.jpg 1024w, https:\/\/petrabrauncoaching.com\/wp-content\/uploads\/2020\/12\/mimo1-300x225.jpg 300w, https:\/\/petrabrauncoaching.com\/wp-content\/uploads\/2020\/12\/mimo1-768x576.jpg 768w, https:\/\/petrabrauncoaching.com\/wp-content\/uploads\/2020\/12\/mimo1-1536x1152.jpg 1536w, https:\/\/petrabrauncoaching.com\/wp-content\/uploads\/2020\/12\/mimo1.jpg 1600w\" sizes=\"(max-width: 640px) 100vw, 640px\" \/>\t\t\t\t\t\t\t\t\t\t\t\t\t\t<\/div>\n\t\t\t\t\t\t<\/div>\n\t\t\t\t<\/div>\n\t\t\t\t\t\t<\/div>\n\t\t\t\t\t<\/div>\n\t\t<\/div>\n\t\t\t\t<div class=\"elementor-column elementor-col-50 elementor-top-column elementor-element elementor-element-4887acc3\" data-id=\"4887acc3\" data-element_type=\"column\">\n\t\t\t<div class=\"elementor-column-wrap elementor-element-populated\">\n\t\t\t\t\t\t\t<div class=\"elementor-widget-wrap\">\n\t\t\t\t\t\t<div class=\"elementor-element elementor-element-421fba7d elementor-widget elementor-widget-heading\" data-id=\"421fba7d\" data-element_type=\"widget\" data-widget_type=\"heading.default\">\n\t\t\t\t<div class=\"elementor-widget-container\">\n\t\t\t<h3 class=\"elementor-heading-title elementor-size-default\">Coaching<\/h3>\t\t<\/div>\n\t\t\t\t<\/div>\n\t\t\t\t<div class=\"elementor-element elementor-element-2fbb2104 elementor-widget elementor-widget-text-editor\" data-id=\"2fbb2104\" data-element_type=\"widget\" data-widget_type=\"text-editor.default\">\n\t\t\t\t<div class=\"elementor-widget-container\">\n\t\t\t\t\t\t\t\t<div class=\"elementor-text-editor elementor-clearfix\">\n\t\t\t\t\t<p>Sowohl f\u00fcr ein Einzel- als auch f\u00fcr ein Gruppencoaching sind Sie bei uns richtig. Insbesondere das 1-zu-1-Coaching kann online stattfinden. W\u00e4hrend einer Coach4All-Sitzung verwende ich haupts\u00e4chlich NEI (Neuro Emotionale Integration), NLP (Neuro Linguistisches Programmieren) und TB (Transformationales Atem). Diese werden bei Angst, Konzentration, Sucht, Beziehungs- und Schlaf- problemen, Burn-out und verschiedenen anderen k\u00f6rperlichen und psychischen Beschwerden eingesetzt. Welche Probleme Sie auch belasten, dieses Coaching ist immer online m\u00f6glich.<\/p>\t\t\t\t\t<\/div>\n\t\t\t\t\t\t<\/div>\n\t\t\t\t<\/div>\n\t\t\t\t<div class=\"elementor-element elementor-element-4f3ac9b4 elementor-align-left elementor-mobile-align-center elementor-widget elementor-widget-button\" data-id=\"4f3ac9b4\" data-element_type=\"widget\" data-widget_type=\"button.default\">\n\t\t\t\t<div class=\"elementor-widget-container\">\n\t\t\t\t\t<div class=\"elementor-button-wrapper\">\n\t\t\t<a href=\"https:\/\/petrabrauncoaching.com\/de\/coaching\/\" class=\"elementor-button-link elementor-button elementor-size-md\" role=\"button\">\n\t\t\t\t\t\t<span class=\"elementor-button-content-wrapper\">\n\t\t\t\t\t\t<span class=\"elementor-button-icon elementor-align-icon-right\">\n\t\t\t\t<i aria-hidden=\"true\" class=\"fas fa-angle-double-right\"><\/i>\t\t\t<\/span>\n\t\t\t\t\t\t<span class=\"elementor-button-text\">Mehr<\/span>\n\t\t<\/span>\n\t\t\t\t\t<\/a>\n\t\t<\/div>\n\t\t\t\t<\/div>\n\t\t\t\t<\/div>\n\t\t\t\t\t\t<\/div>\n\t\t\t\t\t<\/div>\n\t\t<\/div>\n\t\t\t\t\t\t\t\t<\/div>\n\t\t\t\t\t<\/div>\n\t\t<\/section>\n\t\t\t\t<section class=\"elementor-section elementor-top-section elementor-element elementor-element-a0ace60 elementor-section-boxed elementor-section-height-default elementor-section-height-default\" data-id=\"a0ace60\" data-element_type=\"section\">\n\t\t\t\t\t\t<div class=\"elementor-container elementor-column-gap-default\">\n\t\t\t\t\t\t\t<div class=\"elementor-row\">\n\t\t\t\t\t<div class=\"elementor-column elementor-col-100 elementor-top-column elementor-element elementor-element-67a3e17\" data-id=\"67a3e17\" data-element_type=\"column\">\n\t\t\t<div class=\"elementor-column-wrap elementor-element-populated\">\n\t\t\t\t\t\t\t<div class=\"elementor-widget-wrap\">\n\t\t\t\t\t\t<div class=\"elementor-element elementor-element-dce248b elementor-widget elementor-widget-text-editor\" data-id=\"dce248b\" data-element_type=\"widget\" data-widget_type=\"text-editor.default\">\n\t\t\t\t<div class=\"elementor-widget-container\">\n\t\t\t\t\t\t\t\t<div class=\"elementor-text-editor elementor-clearfix\">\n\t\t\t\t\t\t\t\t\t\t<\/div>\n\t\t\t\t\t\t<\/div>\n\t\t\t\t<\/div>\n\t\t\t\t\t\t<\/div>\n\t\t\t\t\t<\/div>\n\t\t<\/div>\n\t\t\t\t\t\t\t\t<\/div>\n\t\t\t\t\t<\/div>\n\t\t<\/section>\n\t\t\t\t<section class=\"elementor-section elementor-top-section elementor-element elementor-element-5284e879 elementor-section-content-middle elementor-reverse-mobile elementor-section-height-min-height elementor-section-boxed elementor-section-height-default elementor-section-items-middle\" data-id=\"5284e879\" data-element_type=\"section\" data-settings=\"{&quot;background_background&quot;:&quot;classic&quot;}\">\n\t\t\t\t\t\t\t<div class=\"elementor-background-overlay\"><\/div>\n\t\t\t\t\t\t\t<div class=\"elementor-container elementor-column-gap-no\">\n\t\t\t\t\t\t\t<div class=\"elementor-row\">\n\t\t\t\t\t<div class=\"elementor-column elementor-col-50 elementor-top-column elementor-element elementor-element-1b79d3f2\" data-id=\"1b79d3f2\" data-element_type=\"column\">\n\t\t\t<div class=\"elementor-column-wrap elementor-element-populated\">\n\t\t\t\t\t\t\t<div class=\"elementor-widget-wrap\">\n\t\t\t\t\t\t<div class=\"elementor-element elementor-element-58c7e8bd elementor-widget elementor-widget-heading\" data-id=\"58c7e8bd\" data-element_type=\"widget\" data-widget_type=\"heading.default\">\n\t\t\t\t<div class=\"elementor-widget-container\">\n\t\t\t<h3 class=\"elementor-heading-title elementor-size-default\">Workshops<\/h3>\t\t<\/div>\n\t\t\t\t<\/div>\n\t\t\t\t<div class=\"elementor-element elementor-element-4f1964ad elementor-widget elementor-widget-text-editor\" data-id=\"4f1964ad\" data-element_type=\"widget\" data-widget_type=\"text-editor.default\">\n\t\t\t\t<div class=\"elementor-widget-container\">\n\t\t\t\t\t\t\t\t<div class=\"elementor-text-editor elementor-clearfix\">\n\t\t\t\t\t<p>Entdecken Sie in meinen Workshop <em>Numerologie<\/em> was die Zahlen \u00fcber Sie verraten und was Ihre St\u00e4rken und Schw\u00e4chen sind. Lernen Sie im Workshop <em>Traumdeutung<\/em>\u00a0wie Sie Tr\u00e4ume deuten k\u00f6nnen und wie Sie dies in Ihrem t\u00e4glichen Leben anwenden k\u00f6nnen. Oder folgen Sie der Workshop <em>\"Patch Works!\" an.<\/em> f\u00fcr eine erfolgreiche und liebevolle Patchworkfamilie. F\u00fcr mehr Informationen Siehe Men\u00fc Workshops.<\/p>\t\t\t\t\t<\/div>\n\t\t\t\t\t\t<\/div>\n\t\t\t\t<\/div>\n\t\t\t\t\t\t<\/div>\n\t\t\t\t\t<\/div>\n\t\t<\/div>\n\t\t\t\t<div class=\"elementor-column elementor-col-50 elementor-top-column elementor-element elementor-element-10baa926\" data-id=\"10baa926\" data-element_type=\"column\">\n\t\t\t<div class=\"elementor-column-wrap elementor-element-populated\">\n\t\t\t\t\t\t\t<div class=\"elementor-widget-wrap\">\n\t\t\t\t\t\t<div class=\"elementor-element elementor-element-34aeaafd elementor-widget elementor-widget-image\" data-id=\"34aeaafd\" data-element_type=\"widget\" data-widget_type=\"image.default\">\n\t\t\t\t<div class=\"elementor-widget-container\">\n\t\t\t\t\t\t\t\t<div class=\"elementor-image\">\n\t\t\t\t\t\t\t\t\t\t\t\t<img width=\"540\" height=\"540\" src=\"https:\/\/petrabrauncoaching.com\/wp-content\/uploads\/2020\/12\/1bcd34df-c86d-4b07-99a4-c04e78534e39.jpg\" class=\"attachment-medium_large size-medium_large\" alt=\"\" decoding=\"async\" loading=\"lazy\" srcset=\"https:\/\/petrabrauncoaching.com\/wp-content\/uploads\/2020\/12\/1bcd34df-c86d-4b07-99a4-c04e78534e39.jpg 540w, https:\/\/petrabrauncoaching.com\/wp-content\/uploads\/2020\/12\/1bcd34df-c86d-4b07-99a4-c04e78534e39-300x300.jpg 300w, https:\/\/petrabrauncoaching.com\/wp-content\/uploads\/2020\/12\/1bcd34df-c86d-4b07-99a4-c04e78534e39-150x150.jpg 150w\" sizes=\"(max-width: 540px) 100vw, 540px\" \/>\t\t\t\t\t\t\t\t\t\t\t\t\t\t<\/div>\n\t\t\t\t\t\t<\/div>\n\t\t\t\t<\/div>\n\t\t\t\t\t\t<\/div>\n\t\t\t\t\t<\/div>\n\t\t<\/div>\n\t\t\t\t\t\t\t\t<\/div>\n\t\t\t\t\t<\/div>\n\t\t<\/section>\n\t\t\t\t<section class=\"elementor-section elementor-top-section elementor-element elementor-element-b6fee90 elementor-section-boxed elementor-section-height-default elementor-section-height-default\" data-id=\"b6fee90\" data-element_type=\"section\">\n\t\t\t\t\t\t<div class=\"elementor-container elementor-column-gap-default\">\n\t\t\t\t\t\t\t<div class=\"elementor-row\">\n\t\t\t\t\t<div class=\"elementor-column elementor-col-100 elementor-top-column elementor-element elementor-element-e029447\" data-id=\"e029447\" data-element_type=\"column\">\n\t\t\t<div class=\"elementor-column-wrap elementor-element-populated\">\n\t\t\t\t\t\t\t<div class=\"elementor-widget-wrap\">\n\t\t\t\t\t\t<div class=\"elementor-element elementor-element-bc3baba elementor-widget elementor-widget-text-editor\" data-id=\"bc3baba\" data-element_type=\"widget\" data-widget_type=\"text-editor.default\">\n\t\t\t\t<div class=\"elementor-widget-container\">\n\t\t\t\t\t\t\t\t<div class=\"elementor-text-editor elementor-clearfix\">\n\t\t\t\t\t\t\t\t\t\t<\/div>\n\t\t\t\t\t\t<\/div>\n\t\t\t\t<\/div>\n\t\t\t\t\t\t<\/div>\n\t\t\t\t\t<\/div>\n\t\t<\/div>\n\t\t\t\t\t\t\t\t<\/div>\n\t\t\t\t\t<\/div>\n\t\t<\/section>\n\t\t\t\t\t\t<\/div>\n\t\t\t\t\t\t<\/div>\n\t\t\t\t\t<\/div>","protected":false},"excerpt":{"rendered":"<p>Familieopstellingen &#8220;Over de stenen die de ouders niet opruimen, struikelen de kinderen&#8220;. Dit Surinaams gezegde geeft aan hoe groot de invloed van (familie)patronen is.&nbsp;Heb je last van bijv. angst, verdriet, schuldgevoel, verslaving, depressie, gezondheids-, relatie- of opvoedingsproblemen? Neem dan deel aan een familieopstelling, waardoor oude patronen doorbroken worden. Dus niet uitstellen maar opstellen! Data: 7<br \/><a class=\"btn btn-tislider blog-readmore\" href=\"https:\/\/petrabrauncoaching.com\/de\/\">Weiterlesen<\/a><\/p>","protected":false},"author":2,"featured_media":25,"parent":0,"menu_order":0,"comment_status":"closed","ping_status":"closed","template":"templates\/fullwidth.php","meta":[],"_links":{"self":[{"href":"https:\/\/petrabrauncoaching.com\/de\/wp-json\/wp\/v2\/pages\/19"}],"collection":[{"href":"https:\/\/petrabrauncoaching.com\/de\/wp-json\/wp\/v2\/pages"}],"about":[{"href":"https:\/\/petrabrauncoaching.com\/de\/wp-json\/wp\/v2\/types\/page"}],"author":[{"embeddable":true,"href":"https:\/\/petrabrauncoaching.com\/de\/wp-json\/wp\/v2\/users\/2"}],"replies":[{"embeddable":true,"href":"https:\/\/petrabrauncoaching.com\/de\/wp-json\/wp\/v2\/comments?post=19"}],"version-history":[{"count":173,"href":"https:\/\/petrabrauncoaching.com\/de\/wp-json\/wp\/v2\/pages\/19\/revisions"}],"predecessor-version":[{"id":797,"href":"https:\/\/petrabrauncoaching.com\/de\/wp-json\/wp\/v2\/pages\/19\/revisions\/797"}],"wp:featuredmedia":[{"embeddable":true,"href":"https:\/\/petrabrauncoaching.com\/de\/wp-json\/wp\/v2\/media\/25"}],"wp:attachment":[{"href":"https:\/\/petrabrauncoaching.com\/de\/wp-json\/wp\/v2\/media?parent=19"}],"curies":[{"name":"wp","href":"https:\/\/api.w.org\/{rel}","templated":true}]}}