{"id":444,"date":"2020-11-01T19:21:57","date_gmt":"2020-11-01T19:21:57","guid":{"rendered":"https:\/\/petrabrauncoaching.com\/?page_id=444"},"modified":"2021-03-05T13:05:27","modified_gmt":"2021-03-05T13:05:27","slug":"reviews","status":"publish","type":"page","link":"https:\/\/petrabrauncoaching.com\/de\/reviews\/","title":{"rendered":"Reviews"},"content":{"rendered":"<div data-elementor-type=\"wp-page\" data-elementor-id=\"444\" class=\"elementor elementor-444\" data-elementor-settings=\"[]\">\n\t\t\t\t\t\t<div class=\"elementor-inner\">\n\t\t\t\t\t\t\t<div class=\"elementor-section-wrap\">\n\t\t\t\t\t\t\t<section class=\"elementor-section elementor-top-section elementor-element elementor-element-d12e30f elementor-section-boxed elementor-section-height-default elementor-section-height-default\" data-id=\"d12e30f\" data-element_type=\"section\">\n\t\t\t\t\t\t<div class=\"elementor-container elementor-column-gap-default\">\n\t\t\t\t\t\t\t<div class=\"elementor-row\">\n\t\t\t\t\t<div class=\"elementor-column elementor-col-100 elementor-top-column elementor-element elementor-element-080fc3b\" data-id=\"080fc3b\" data-element_type=\"column\">\n\t\t\t<div class=\"elementor-column-wrap elementor-element-populated\">\n\t\t\t\t\t\t\t<div class=\"elementor-widget-wrap\">\n\t\t\t\t\t\t<div class=\"elementor-element elementor-element-c2053d6 elementor-widget elementor-widget-text-editor\" data-id=\"c2053d6\" data-element_type=\"widget\" data-widget_type=\"text-editor.default\">\n\t\t\t\t<div class=\"elementor-widget-container\">\n\t\t\t\t\t\t\t\t<div class=\"elementor-text-editor elementor-clearfix\">\n\t\t\t\t\t<p>&#8220;<em>Es ist etwas Besonderes, Familienaufstellungen zu erleben. Beim ersten Mal war es auch ein bisschen aufregend. Ich war im Vorfeld meiner ersten Familienaufstellung verunsichert: Wie geht das und kann ich das schaffen? Nach mehreren Aufstellungen kann ich sagen, dass es jedes Mal ein Geschenk an mich selbst ist. F\u00fcr mich ist es eine wunderbare M\u00f6glichkeit, Verhalten und Ereignisse verstehen zu lernen. Aber sicherlich auch, um zu heilen und um den Dingen einen Platz zu geben. Und Petra, was f\u00fcr ein wunderbarer, herzlicher und authentischer Mensch Sie sind, voller Humor! Danke f\u00fcr die Lektionen, die ich lernen darf.<\/em>&#8221;\u00a0 <strong>Ellen<\/strong><\/p>\t\t\t\t\t<\/div>\n\t\t\t\t\t\t<\/div>\n\t\t\t\t<\/div>\n\t\t\t\t\t\t<\/div>\n\t\t\t\t\t<\/div>\n\t\t<\/div>\n\t\t\t\t\t\t\t\t<\/div>\n\t\t\t\t\t<\/div>\n\t\t<\/section>\n\t\t\t\t<section class=\"elementor-section elementor-top-section elementor-element elementor-element-38016c5 elementor-section-boxed elementor-section-height-default elementor-section-height-default\" data-id=\"38016c5\" data-element_type=\"section\">\n\t\t\t\t\t\t<div class=\"elementor-container elementor-column-gap-default\">\n\t\t\t\t\t\t\t<div class=\"elementor-row\">\n\t\t\t\t\t<div class=\"elementor-column elementor-col-100 elementor-top-column elementor-element elementor-element-564288e\" data-id=\"564288e\" data-element_type=\"column\">\n\t\t\t<div class=\"elementor-column-wrap elementor-element-populated\">\n\t\t\t\t\t\t\t<div class=\"elementor-widget-wrap\">\n\t\t\t\t\t\t<div class=\"elementor-element elementor-element-eecf650 elementor-widget elementor-widget-text-editor\" data-id=\"eecf650\" data-element_type=\"widget\" data-widget_type=\"text-editor.default\">\n\t\t\t\t<div class=\"elementor-widget-container\">\n\t\t\t\t\t\t\t\t<div class=\"elementor-text-editor elementor-clearfix\">\n\t\t\t\t\t\t\t\t\t\t<\/div>\n\t\t\t\t\t\t<\/div>\n\t\t\t\t<\/div>\n\t\t\t\t\t\t<\/div>\n\t\t\t\t\t<\/div>\n\t\t<\/div>\n\t\t\t\t\t\t\t\t<\/div>\n\t\t\t\t\t<\/div>\n\t\t<\/section>\n\t\t\t\t<section class=\"elementor-section elementor-top-section elementor-element elementor-element-c8553d4 elementor-section-boxed elementor-section-height-default elementor-section-height-default\" data-id=\"c8553d4\" data-element_type=\"section\">\n\t\t\t\t\t\t<div class=\"elementor-container elementor-column-gap-default\">\n\t\t\t\t\t\t\t<div class=\"elementor-row\">\n\t\t\t\t\t<div class=\"elementor-column elementor-col-100 elementor-top-column elementor-element elementor-element-2891838\" data-id=\"2891838\" data-element_type=\"column\">\n\t\t\t<div class=\"elementor-column-wrap elementor-element-populated\">\n\t\t\t\t\t\t\t<div class=\"elementor-widget-wrap\">\n\t\t\t\t\t\t<div class=\"elementor-element elementor-element-caaf085 elementor-widget elementor-widget-text-editor\" data-id=\"caaf085\" data-element_type=\"widget\" data-widget_type=\"text-editor.default\">\n\t\t\t\t<div class=\"elementor-widget-container\">\n\t\t\t\t\t\t\t\t<div class=\"elementor-text-editor elementor-clearfix\">\n\t\t\t\t\t<p>&#8220;<em>Die Familienaufstellungen, bei denen ich in den letzten Jahren h\u00e4ufiger dabei sein konnte, haben mir viele Einblicke in verschiedene Muster und Systeme gegeben. Diese Erkenntnisse haben positiv dazu beigetragen, wer ich jetzt bin und wo ich jetzt bin. Petra f\u00fchrt dies in einer respektvollen,\n\u201amit beiden Beinen fest auf dem Boden stehenden\u2018 Art und Weise, wobei ihr Sinn f\u00fcr Humor immer etwas Leichtigkeit in die oft schwere Materie bringt, die zur Sprache kommt. \u00a0<\/em><em>Die einzelnen Coaching-Sitzungen werden auf die gleiche Weise gef\u00fchrt. Durch ihr breites Wissen und ihre Erfahrung und ihre F\u00e4higkeit, dies mit Ihnen als Individuum zu verbinden, schafft sie Vertrauen, gibt Einblicke und l\u00e4sst Sie Ihren eigenen Weg gehen.<\/em>&#8221;\u00a0 <strong>Sharon<\/strong><\/p>\t\t\t\t\t<\/div>\n\t\t\t\t\t\t<\/div>\n\t\t\t\t<\/div>\n\t\t\t\t\t\t<\/div>\n\t\t\t\t\t<\/div>\n\t\t<\/div>\n\t\t\t\t\t\t\t\t<\/div>\n\t\t\t\t\t<\/div>\n\t\t<\/section>\n\t\t\t\t<section class=\"elementor-section elementor-top-section elementor-element elementor-element-f1325c6 elementor-section-boxed elementor-section-height-default elementor-section-height-default\" data-id=\"f1325c6\" data-element_type=\"section\">\n\t\t\t\t\t\t<div class=\"elementor-container elementor-column-gap-default\">\n\t\t\t\t\t\t\t<div class=\"elementor-row\">\n\t\t\t\t\t<div class=\"elementor-column elementor-col-100 elementor-top-column elementor-element elementor-element-6b7986b\" data-id=\"6b7986b\" data-element_type=\"column\">\n\t\t\t<div class=\"elementor-column-wrap elementor-element-populated\">\n\t\t\t\t\t\t\t<div class=\"elementor-widget-wrap\">\n\t\t\t\t\t\t<div class=\"elementor-element elementor-element-1bbfa70 elementor-widget elementor-widget-text-editor\" data-id=\"1bbfa70\" data-element_type=\"widget\" data-widget_type=\"text-editor.default\">\n\t\t\t\t<div class=\"elementor-widget-container\">\n\t\t\t\t\t\t\t\t<div class=\"elementor-text-editor elementor-clearfix\">\n\t\t\t\t\t\t\t\t\t\t<\/div>\n\t\t\t\t\t\t<\/div>\n\t\t\t\t<\/div>\n\t\t\t\t\t\t<\/div>\n\t\t\t\t\t<\/div>\n\t\t<\/div>\n\t\t\t\t\t\t\t\t<\/div>\n\t\t\t\t\t<\/div>\n\t\t<\/section>\n\t\t\t\t<section class=\"elementor-section elementor-top-section elementor-element elementor-element-931a77c elementor-section-boxed elementor-section-height-default elementor-section-height-default\" data-id=\"931a77c\" data-element_type=\"section\">\n\t\t\t\t\t\t<div class=\"elementor-container elementor-column-gap-default\">\n\t\t\t\t\t\t\t<div class=\"elementor-row\">\n\t\t\t\t\t<div class=\"elementor-column elementor-col-100 elementor-top-column elementor-element elementor-element-e7d0083\" data-id=\"e7d0083\" data-element_type=\"column\">\n\t\t\t<div class=\"elementor-column-wrap elementor-element-populated\">\n\t\t\t\t\t\t\t<div class=\"elementor-widget-wrap\">\n\t\t\t\t\t\t<div class=\"elementor-element elementor-element-0aff46f elementor-widget elementor-widget-text-editor\" data-id=\"0aff46f\" data-element_type=\"widget\" data-widget_type=\"text-editor.default\">\n\t\t\t\t<div class=\"elementor-widget-container\">\n\t\t\t\t\t\t\t\t<div class=\"elementor-text-editor elementor-clearfix\">\n\t\t\t\t\t<p>&#8220;<em>Seit vielen Jahren gehe ich zu Petra Braun, und sie hat mir mit ihrer Arbeit und Kompetenz als Coach, dem Familienstellen in der Gruppe, sowie mit Einzelaufstellungen\u00a0 bei den verschiedensten Anliegen sehr geholfen. Sie hat immer sehr gute Eingebungen und Ideen&#8230; Ich mag Petra&#8217;s einf\u00fchlsame und freundliche Art! Danke Petra!!<\/em>&#8221;\u00a0 <strong>Birgit<\/strong><\/p>\t\t\t\t\t<\/div>\n\t\t\t\t\t\t<\/div>\n\t\t\t\t<\/div>\n\t\t\t\t\t\t<\/div>\n\t\t\t\t\t<\/div>\n\t\t<\/div>\n\t\t\t\t\t\t\t\t<\/div>\n\t\t\t\t\t<\/div>\n\t\t<\/section>\n\t\t\t\t<section class=\"elementor-section elementor-top-section elementor-element elementor-element-c93042b elementor-section-boxed elementor-section-height-default elementor-section-height-default\" data-id=\"c93042b\" data-element_type=\"section\">\n\t\t\t\t\t\t<div class=\"elementor-container elementor-column-gap-default\">\n\t\t\t\t\t\t\t<div class=\"elementor-row\">\n\t\t\t\t\t<div class=\"elementor-column elementor-col-100 elementor-top-column elementor-element elementor-element-8d32fda\" data-id=\"8d32fda\" data-element_type=\"column\">\n\t\t\t<div class=\"elementor-column-wrap elementor-element-populated\">\n\t\t\t\t\t\t\t<div class=\"elementor-widget-wrap\">\n\t\t\t\t\t\t<div class=\"elementor-element elementor-element-d8aed53 elementor-widget elementor-widget-text-editor\" data-id=\"d8aed53\" data-element_type=\"widget\" data-widget_type=\"text-editor.default\">\n\t\t\t\t<div class=\"elementor-widget-container\">\n\t\t\t\t\t\t\t\t<div class=\"elementor-text-editor elementor-clearfix\">\n\t\t\t\t\t\t\t\t\t\t<\/div>\n\t\t\t\t\t\t<\/div>\n\t\t\t\t<\/div>\n\t\t\t\t\t\t<\/div>\n\t\t\t\t\t<\/div>\n\t\t<\/div>\n\t\t\t\t\t\t\t\t<\/div>\n\t\t\t\t\t<\/div>\n\t\t<\/section>\n\t\t\t\t<section class=\"elementor-section elementor-top-section elementor-element elementor-element-fb072e0 elementor-section-boxed elementor-section-height-default elementor-section-height-default\" data-id=\"fb072e0\" data-element_type=\"section\">\n\t\t\t\t\t\t<div class=\"elementor-container elementor-column-gap-default\">\n\t\t\t\t\t\t\t<div class=\"elementor-row\">\n\t\t\t\t\t<div class=\"elementor-column elementor-col-100 elementor-top-column elementor-element elementor-element-0e7339a\" data-id=\"0e7339a\" data-element_type=\"column\">\n\t\t\t<div class=\"elementor-column-wrap elementor-element-populated\">\n\t\t\t\t\t\t\t<div class=\"elementor-widget-wrap\">\n\t\t\t\t\t\t<div class=\"elementor-element elementor-element-d9c4325 elementor-widget elementor-widget-text-editor\" data-id=\"d9c4325\" data-element_type=\"widget\" data-widget_type=\"text-editor.default\">\n\t\t\t\t<div class=\"elementor-widget-container\">\n\t\t\t\t\t\t\t\t<div class=\"elementor-text-editor elementor-clearfix\">\n\t\t\t\t\t<p><em>Ich habe Petras Telefonnummer \u00fcber Freunde erfahren, schrieb ihr eine SMS und konnte bald einen Termin vereinbaren. Das Coaching war sehr \u00fcberraschend, es kamen Dinge zur Sprache, an die ich vorher nicht einmal gedacht hatte. Petra brachte es zur Sprache und gemeinsam konnten wir dem einen Platz geben. Ich f\u00fchlte mich nach der Sitzung viel ruhiger und es gab ein Gef\u00fchl\nder Befreiung. Trotz der Ruhe, die ich erlebte, konnte ich nachts immer noch nicht einschlafen. Ich schrieb Petra am n\u00e4chsten Tag eine SMS und sie antwortete sofort. Sie gab mir noch ein paar Tipps und ja: Ich schlafe wieder normal. Ich bin sehr zufrieden mit dem Coaching, das ich erhalten habe. Es war auch sehr zug\u00e4nglich. Mit einem Wort: einfach fantastisch!\u00a0<\/em><strong>A.T.B.<\/strong><\/p>\t\t\t\t\t<\/div>\n\t\t\t\t\t\t<\/div>\n\t\t\t\t<\/div>\n\t\t\t\t\t\t<\/div>\n\t\t\t\t\t<\/div>\n\t\t<\/div>\n\t\t\t\t\t\t\t\t<\/div>\n\t\t\t\t\t<\/div>\n\t\t<\/section>\n\t\t\t\t<section class=\"elementor-section elementor-top-section elementor-element elementor-element-8c09e90 elementor-section-boxed elementor-section-height-default elementor-section-height-default\" data-id=\"8c09e90\" data-element_type=\"section\">\n\t\t\t\t\t\t<div class=\"elementor-container elementor-column-gap-default\">\n\t\t\t\t\t\t\t<div class=\"elementor-row\">\n\t\t\t\t\t<div class=\"elementor-column elementor-col-100 elementor-top-column elementor-element elementor-element-7378a19\" data-id=\"7378a19\" data-element_type=\"column\">\n\t\t\t<div class=\"elementor-column-wrap elementor-element-populated\">\n\t\t\t\t\t\t\t<div class=\"elementor-widget-wrap\">\n\t\t\t\t\t\t<div class=\"elementor-element elementor-element-8c9fcae elementor-widget elementor-widget-text-editor\" data-id=\"8c9fcae\" data-element_type=\"widget\" data-widget_type=\"text-editor.default\">\n\t\t\t\t<div class=\"elementor-widget-container\">\n\t\t\t\t\t\t\t\t<div class=\"elementor-text-editor elementor-clearfix\">\n\t\t\t\t\t\t\t\t\t\t<\/div>\n\t\t\t\t\t\t<\/div>\n\t\t\t\t<\/div>\n\t\t\t\t\t\t<\/div>\n\t\t\t\t\t<\/div>\n\t\t<\/div>\n\t\t\t\t\t\t\t\t<\/div>\n\t\t\t\t\t<\/div>\n\t\t<\/section>\n\t\t\t\t<section class=\"elementor-section elementor-top-section elementor-element elementor-element-a2a9dcb elementor-section-boxed elementor-section-height-default elementor-section-height-default\" data-id=\"a2a9dcb\" data-element_type=\"section\">\n\t\t\t\t\t\t<div class=\"elementor-container elementor-column-gap-default\">\n\t\t\t\t\t\t\t<div class=\"elementor-row\">\n\t\t\t\t\t<div class=\"elementor-column elementor-col-100 elementor-top-column elementor-element elementor-element-f087f93\" data-id=\"f087f93\" data-element_type=\"column\">\n\t\t\t<div class=\"elementor-column-wrap elementor-element-populated\">\n\t\t\t\t\t\t\t<div class=\"elementor-widget-wrap\">\n\t\t\t\t\t\t<div class=\"elementor-element elementor-element-24f230e elementor-widget elementor-widget-text-editor\" data-id=\"24f230e\" data-element_type=\"widget\" data-widget_type=\"text-editor.default\">\n\t\t\t\t<div class=\"elementor-widget-container\">\n\t\t\t\t\t\t\t\t<div class=\"elementor-text-editor elementor-clearfix\">\n\t\t\t\t\t<p class=\"p1\"><em>Ich habe in den letzten Jahren mehrfach an Familienaufstellungen teilgenommen. Jedes Mal ist es etwas Besonderes. Meistens mache ich die Aufstellungen selbst, aber auch als Vertreter in den Aufstellungen anderer Leute, so seltsam es auch erscheinen mag, sto\u00dfe ich oft auf Bereiche, die auch mich ber\u00fchren. Es ist schwierig zu erkl\u00e4ren, was eigentlich passiert. Man muss es wirklich selbst erleben, um zu sp\u00fcren, wie es ist. Ein ganz besonderes Gef\u00fchl. Verschiedene Muster haben sich he- rauskristallisiert, verschiedene Einsichten wurden mir gegeben.\u00a0<span style=\"color: var( --e-global-color-text ); font-family: var( --e-global-typography-text-font-family ), Sans-serif; font-weight: var( --e-global-typography-text-font-weight );\">Neben meinen eigenen Problemen habe ich auch die Probleme meiner Kinder aufgestellt. Fr\u00fcher immer in einer Gruppensitzung,\ndie letzten paar Male online. Das funktioniert einwandfrei, auch von zu Hause aus.\u00a0<\/span><span style=\"color: var( --e-global-color-text ); font-family: var( --e-global-typography-text-font-family ), Sans-serif; font-weight: var( --e-global-typography-text-font-weight );\">Neben den Familienaufstellungen hat mich Petra auch gecoacht. Das Sch\u00f6ne an NEI ist, dass mein K\u00f6rper mir eine Antwort gibt. Ich mag das Atmen durch die TB-Therapie nicht so sehr, aber ich habe danach das Gef\u00fchl, dass es mir geholfen hat. Online-Coaching funktioniert f\u00fcr mich genauso gut wie eine Live-Sitzung.\u00a0<\/span><\/em><span style=\"color: var( --e-global-color-text ); font-family: var( --e-global-typography-text-font-family ), Sans-serif; font-weight: var( --e-global-typography-text-font-weight );\"><em>Ich kann Petra jedem empfehlen. Ein angenehmer und herzlicher Mensch, der mir mit Humor und gutem Einf\u00fchlungsverm\u00f6gen jedes Mal zu helfen wei\u00df und mir gute Einblicke gew\u00e4hrt.<\/em> <strong>L.V.<\/strong><\/span><\/p>\t\t\t\t\t<\/div>\n\t\t\t\t\t\t<\/div>\n\t\t\t\t<\/div>\n\t\t\t\t\t\t<\/div>\n\t\t\t\t\t<\/div>\n\t\t<\/div>\n\t\t\t\t\t\t\t\t<\/div>\n\t\t\t\t\t<\/div>\n\t\t<\/section>\n\t\t\t\t\t\t<\/div>\n\t\t\t\t\t\t<\/div>\n\t\t\t\t\t<\/div>","protected":false},"excerpt":{"rendered":"<p>&#8220;Hoe bijzonder om familieopstellingen mee te maken. Een beetje spannend ook de eerste keer. De onzekerheid sloeg bij mij toe in de aanloop naar mijn eerste familieopstelling: Hoe gaat dit en kan ik dit wel? Na een aantal opstellingen mee gemaakt te hebben kan ik zeggen dat het telkens een cadeau is voor mezelf. Het<br \/><a class=\"btn btn-tislider blog-readmore\" href=\"https:\/\/petrabrauncoaching.com\/de\/reviews\/\">Weiterlesen<\/a><\/p>","protected":false},"author":2,"featured_media":0,"parent":0,"menu_order":0,"comment_status":"closed","ping_status":"closed","template":"","meta":[],"_links":{"self":[{"href":"https:\/\/petrabrauncoaching.com\/de\/wp-json\/wp\/v2\/pages\/444"}],"collection":[{"href":"https:\/\/petrabrauncoaching.com\/de\/wp-json\/wp\/v2\/pages"}],"about":[{"href":"https:\/\/petrabrauncoaching.com\/de\/wp-json\/wp\/v2\/types\/page"}],"author":[{"embeddable":true,"href":"https:\/\/petrabrauncoaching.com\/de\/wp-json\/wp\/v2\/users\/2"}],"replies":[{"embeddable":true,"href":"https:\/\/petrabrauncoaching.com\/de\/wp-json\/wp\/v2\/comments?post=444"}],"version-history":[{"count":17,"href":"https:\/\/petrabrauncoaching.com\/de\/wp-json\/wp\/v2\/pages\/444\/revisions"}],"predecessor-version":[{"id":566,"href":"https:\/\/petrabrauncoaching.com\/de\/wp-json\/wp\/v2\/pages\/444\/revisions\/566"}],"wp:attachment":[{"href":"https:\/\/petrabrauncoaching.com\/de\/wp-json\/wp\/v2\/media?parent=444"}],"curies":[{"name":"wp","href":"https:\/\/api.w.org\/{rel}","templated":true}]}}