{"id":445,"date":"2020-11-01T19:21:57","date_gmt":"2020-11-01T19:21:57","guid":{"rendered":"https:\/\/petrabrauncoaching.com\/?page_id=445"},"modified":"2022-08-21T08:38:17","modified_gmt":"2022-08-21T08:38:17","slug":"numerologie","status":"publish","type":"page","link":"https:\/\/petrabrauncoaching.com\/de\/numerologie\/","title":{"rendered":"Numerologie"},"content":{"rendered":"<div data-elementor-type=\"wp-page\" data-elementor-id=\"445\" class=\"elementor elementor-445\" data-elementor-settings=\"[]\">\n\t\t\t\t\t\t<div class=\"elementor-inner\">\n\t\t\t\t\t\t\t<div class=\"elementor-section-wrap\">\n\t\t\t\t\t\t\t<section class=\"elementor-section elementor-top-section elementor-element elementor-element-48223f9 elementor-section-boxed elementor-section-height-default elementor-section-height-default\" data-id=\"48223f9\" data-element_type=\"section\">\n\t\t\t\t\t\t<div class=\"elementor-container elementor-column-gap-default\">\n\t\t\t\t\t\t\t<div class=\"elementor-row\">\n\t\t\t\t\t<div class=\"elementor-column elementor-col-100 elementor-top-column elementor-element elementor-element-aef29ef\" data-id=\"aef29ef\" data-element_type=\"column\">\n\t\t\t<div class=\"elementor-column-wrap\">\n\t\t\t\t\t\t\t<div class=\"elementor-widget-wrap\">\n\t\t\t\t\t\t\t\t<\/div>\n\t\t\t\t\t<\/div>\n\t\t<\/div>\n\t\t\t\t\t\t\t\t<\/div>\n\t\t\t\t\t<\/div>\n\t\t<\/section>\n\t\t\t\t<section class=\"elementor-section elementor-top-section elementor-element elementor-element-a9388ac elementor-section-boxed elementor-section-height-default elementor-section-height-default\" data-id=\"a9388ac\" data-element_type=\"section\">\n\t\t\t\t\t\t<div class=\"elementor-container elementor-column-gap-default\">\n\t\t\t\t\t\t\t<div class=\"elementor-row\">\n\t\t\t\t\t<div class=\"elementor-column elementor-col-100 elementor-top-column elementor-element elementor-element-81592df\" data-id=\"81592df\" data-element_type=\"column\">\n\t\t\t<div class=\"elementor-column-wrap elementor-element-populated\">\n\t\t\t\t\t\t\t<div class=\"elementor-widget-wrap\">\n\t\t\t\t\t\t<div class=\"elementor-element elementor-element-55d040f elementor-position-top elementor-vertical-align-top elementor-widget elementor-widget-image-box\" data-id=\"55d040f\" data-element_type=\"widget\" data-widget_type=\"image-box.default\">\n\t\t\t\t<div class=\"elementor-widget-container\">\n\t\t\t<div class=\"elementor-image-box-wrapper\"><figure class=\"elementor-image-box-img\"><img width=\"1280\" height=\"853\" src=\"https:\/\/petrabrauncoaching.com\/wp-content\/uploads\/2020\/11\/numbers.jpg\" class=\"attachment-full size-full\" alt=\"\" decoding=\"async\" loading=\"lazy\" srcset=\"https:\/\/petrabrauncoaching.com\/wp-content\/uploads\/2020\/11\/numbers.jpg 1280w, https:\/\/petrabrauncoaching.com\/wp-content\/uploads\/2020\/11\/numbers-300x200.jpg 300w, https:\/\/petrabrauncoaching.com\/wp-content\/uploads\/2020\/11\/numbers-1024x682.jpg 1024w, https:\/\/petrabrauncoaching.com\/wp-content\/uploads\/2020\/11\/numbers-768x512.jpg 768w\" sizes=\"(max-width: 1280px) 100vw, 1280px\" \/><\/figure><div class=\"elementor-image-box-content\"><div class=\"elementor-image-box-title\">Numerologie (Workshop)<\/div><p class=\"elementor-image-box-description\">Numerologie ist die Kenntnis der Zahlen. Sie basiert auf einer Reihe von Grundannahmen und bietet Methoden zur Berechnung von Erkenntnissen \u00fcber sich selbst und Ihren Lebensweg. Jeder Mensch hat mit seinem Geburtsdatum und Namen ein eindeutiges Zahlensystem, das als Wegweiser dient. Daraus k\u00f6nnen Sie ein numerologisches Geburtshoroskop berechnen (die Mission in Ihrem pers\u00f6nlichen Leben, Ihre Fallstricke und Ihre Herausforderungen). Entdecken Sie in meinem Workshop, was Ihnen die Zahlen \u00fcber sich selbst verraten und wie Sie Ihre pers\u00f6nlichen Ziele leichter erreichen k\u00f6nnen; was Ihre St\u00e4rken und Schw\u00e4chen sind. Ich zeige Ihnen, wie Sie dies selbst berechnen und anwenden k\u00f6nnen. Die Kosten betragen \u20ac 35 pro Person. Das Paket besteht aus einer Reihe von Videos, die Schritt f\u00fcr Schritt erkl\u00e4ren, wie Sie dies berechnen k\u00f6nnen. Dazu geh\u00f6rt ein Arbeitsbuch, mit dem Sie sofort loslegen k\u00f6nnen. Sie k\u00f6nnen sich per WhatsApp oder E-Mail anmelden (siehe Kontakt).<\/p><\/div><\/div>\t\t<\/div>\n\t\t\t\t<\/div>\n\t\t\t\t\t\t<\/div>\n\t\t\t\t\t<\/div>\n\t\t<\/div>\n\t\t\t\t\t\t\t\t<\/div>\n\t\t\t\t\t<\/div>\n\t\t<\/section>\n\t\t\t\t<section class=\"elementor-section elementor-top-section elementor-element elementor-element-67c0746 elementor-section-boxed elementor-section-height-default elementor-section-height-default\" data-id=\"67c0746\" data-element_type=\"section\">\n\t\t\t\t\t\t<div class=\"elementor-container elementor-column-gap-default\">\n\t\t\t\t\t\t\t<div class=\"elementor-row\">\n\t\t\t\t\t<div class=\"elementor-column elementor-col-100 elementor-top-column elementor-element elementor-element-19e50c2\" data-id=\"19e50c2\" data-element_type=\"column\">\n\t\t\t<div class=\"elementor-column-wrap elementor-element-populated\">\n\t\t\t\t\t\t\t<div class=\"elementor-widget-wrap\">\n\t\t\t\t\t\t<div class=\"elementor-element elementor-element-9e33234 elementor-align-left elementor-mobile-align-center elementor-widget elementor-widget-button\" data-id=\"9e33234\" data-element_type=\"widget\" data-widget_type=\"button.default\">\n\t\t\t\t<div class=\"elementor-widget-container\">\n\t\t\t\t\t<div class=\"elementor-button-wrapper\">\n\t\t\t<a href=\"https:\/\/petrabrauncoaching.com\/de\/aanmelden\/\" class=\"elementor-button-link elementor-button elementor-size-md\" role=\"button\">\n\t\t\t\t\t\t<span class=\"elementor-button-content-wrapper\">\n\t\t\t\t\t\t<span class=\"elementor-button-icon elementor-align-icon-right\">\n\t\t\t\t<i aria-hidden=\"true\" class=\"fas fa-angle-double-right\"><\/i>\t\t\t<\/span>\n\t\t\t\t\t\t<span class=\"elementor-button-text\">Anmelden<\/span>\n\t\t<\/span>\n\t\t\t\t\t<\/a>\n\t\t<\/div>\n\t\t\t\t<\/div>\n\t\t\t\t<\/div>\n\t\t\t\t\t\t<\/div>\n\t\t\t\t\t<\/div>\n\t\t<\/div>\n\t\t\t\t\t\t\t\t<\/div>\n\t\t\t\t\t<\/div>\n\t\t<\/section>\n\t\t\t\t\t\t<\/div>\n\t\t\t\t\t\t<\/div>\n\t\t\t\t\t<\/div>","protected":false},"excerpt":{"rendered":"<p>Numerologie (workshop) Numerologie is de kennis der getallen. Het gaat uit van een aantal basisaannames en biedt daarnaast methodes om inzichten in jezelf en je levenspad te berekenen.\u00a0Ieder mens heeft met zijn geboortedatum en geboortenaam een uniek getallenstelsel dat dienst doet als gids. Hiervan kun je een numerologische geboortehoroscoop (de missie in je persoonlijk leven,<br \/><a class=\"btn btn-tislider blog-readmore\" href=\"https:\/\/petrabrauncoaching.com\/de\/numerologie\/\">Weiterlesen<\/a><\/p>","protected":false},"author":2,"featured_media":0,"parent":0,"menu_order":0,"comment_status":"closed","ping_status":"closed","template":"","meta":[],"_links":{"self":[{"href":"https:\/\/petrabrauncoaching.com\/de\/wp-json\/wp\/v2\/pages\/445"}],"collection":[{"href":"https:\/\/petrabrauncoaching.com\/de\/wp-json\/wp\/v2\/pages"}],"about":[{"href":"https:\/\/petrabrauncoaching.com\/de\/wp-json\/wp\/v2\/types\/page"}],"author":[{"embeddable":true,"href":"https:\/\/petrabrauncoaching.com\/de\/wp-json\/wp\/v2\/users\/2"}],"replies":[{"embeddable":true,"href":"https:\/\/petrabrauncoaching.com\/de\/wp-json\/wp\/v2\/comments?post=445"}],"version-history":[{"count":13,"href":"https:\/\/petrabrauncoaching.com\/de\/wp-json\/wp\/v2\/pages\/445\/revisions"}],"predecessor-version":[{"id":731,"href":"https:\/\/petrabrauncoaching.com\/de\/wp-json\/wp\/v2\/pages\/445\/revisions\/731"}],"wp:attachment":[{"href":"https:\/\/petrabrauncoaching.com\/de\/wp-json\/wp\/v2\/media?parent=445"}],"curies":[{"name":"wp","href":"https:\/\/api.w.org\/{rel}","templated":true}]}}