{"id":447,"date":"2020-11-01T19:21:57","date_gmt":"2020-11-01T19:21:57","guid":{"rendered":"https:\/\/petrabrauncoaching.com\/?page_id=447"},"modified":"2022-08-21T08:38:50","modified_gmt":"2022-08-21T08:38:50","slug":"dromenverklaring","status":"publish","type":"page","link":"https:\/\/petrabrauncoaching.com\/de\/dromenverklaring\/","title":{"rendered":"Traumdeutung"},"content":{"rendered":"<div data-elementor-type=\"wp-page\" data-elementor-id=\"447\" class=\"elementor elementor-447\" data-elementor-settings=\"[]\">\n\t\t\t\t\t\t<div class=\"elementor-inner\">\n\t\t\t\t\t\t\t<div class=\"elementor-section-wrap\">\n\t\t\t\t\t\t\t<section class=\"elementor-section elementor-top-section elementor-element elementor-element-9de6f36 elementor-section-boxed elementor-section-height-default elementor-section-height-default\" data-id=\"9de6f36\" data-element_type=\"section\">\n\t\t\t\t\t\t<div class=\"elementor-container elementor-column-gap-default\">\n\t\t\t\t\t\t\t<div class=\"elementor-row\">\n\t\t\t\t\t<div class=\"elementor-column elementor-col-100 elementor-top-column elementor-element elementor-element-68cf7b4\" data-id=\"68cf7b4\" data-element_type=\"column\">\n\t\t\t<div class=\"elementor-column-wrap\">\n\t\t\t\t\t\t\t<div class=\"elementor-widget-wrap\">\n\t\t\t\t\t\t\t\t<\/div>\n\t\t\t\t\t<\/div>\n\t\t<\/div>\n\t\t\t\t\t\t\t\t<\/div>\n\t\t\t\t\t<\/div>\n\t\t<\/section>\n\t\t\t\t<section class=\"elementor-section elementor-top-section elementor-element elementor-element-a000e96 elementor-section-content-middle elementor-section-height-min-height elementor-section-boxed elementor-section-height-default elementor-section-items-middle\" data-id=\"a000e96\" data-element_type=\"section\">\n\t\t\t\t\t\t\t<div class=\"elementor-background-overlay\"><\/div>\n\t\t\t\t\t\t\t<div class=\"elementor-container elementor-column-gap-no\">\n\t\t\t\t\t\t\t<div class=\"elementor-row\">\n\t\t\t\t\t<div class=\"elementor-column elementor-col-50 elementor-top-column elementor-element elementor-element-324f48c\" data-id=\"324f48c\" data-element_type=\"column\">\n\t\t\t<div class=\"elementor-column-wrap elementor-element-populated\">\n\t\t\t\t\t\t\t<div class=\"elementor-widget-wrap\">\n\t\t\t\t\t\t<div class=\"elementor-element elementor-element-e87bdcf elementor-widget elementor-widget-image\" data-id=\"e87bdcf\" data-element_type=\"widget\" data-widget_type=\"image.default\">\n\t\t\t\t<div class=\"elementor-widget-container\">\n\t\t\t\t\t\t\t\t<div class=\"elementor-image\">\n\t\t\t\t\t\t\t\t\t\t\t\t<img width=\"640\" height=\"775\" src=\"https:\/\/petrabrauncoaching.com\/wp-content\/uploads\/2020\/10\/Noor-slaap-3.jpg\" class=\"attachment-large size-large\" alt=\"\" decoding=\"async\" loading=\"lazy\" srcset=\"https:\/\/petrabrauncoaching.com\/wp-content\/uploads\/2020\/10\/Noor-slaap-3.jpg 740w, https:\/\/petrabrauncoaching.com\/wp-content\/uploads\/2020\/10\/Noor-slaap-3-248x300.jpg 248w\" sizes=\"(max-width: 640px) 100vw, 640px\" \/>\t\t\t\t\t\t\t\t\t\t\t\t\t\t<\/div>\n\t\t\t\t\t\t<\/div>\n\t\t\t\t<\/div>\n\t\t\t\t\t\t<\/div>\n\t\t\t\t\t<\/div>\n\t\t<\/div>\n\t\t\t\t<div class=\"elementor-column elementor-col-50 elementor-top-column elementor-element elementor-element-bda258c\" data-id=\"bda258c\" data-element_type=\"column\">\n\t\t\t<div class=\"elementor-column-wrap elementor-element-populated\">\n\t\t\t\t\t\t\t<div class=\"elementor-widget-wrap\">\n\t\t\t\t\t\t<div class=\"elementor-element elementor-element-6ba68e7 elementor-widget elementor-widget-heading\" data-id=\"6ba68e7\" data-element_type=\"widget\" data-widget_type=\"heading.default\">\n\t\t\t\t<div class=\"elementor-widget-container\">\n\t\t\t<h2 class=\"elementor-heading-title elementor-size-default\">Traumdeutung<\/h2>\t\t<\/div>\n\t\t\t\t<\/div>\n\t\t\t\t<div class=\"elementor-element elementor-element-21d447e elementor-widget elementor-widget-text-editor\" data-id=\"21d447e\" data-element_type=\"widget\" data-widget_type=\"text-editor.default\">\n\t\t\t\t<div class=\"elementor-widget-container\">\n\t\t\t\t\t\t\t\t<div class=\"elementor-text-editor elementor-clearfix\">\n\t\t\t\t\t<p><span style=\"color: var( --e-global-color-text ); font-family: var( --e-global-typography-text-font-family ), Sans-serif; font-weight: var( --e-global-typography-text-font-weight );\">Ein Traum ist Ihr innerer Psychologe. Wenn Sie tr\u00e4umen, zeigt Ihnen Ihr Unterbewusstsein Probleme, Konflikte, W\u00fcnsche, Hoffnungen und m\u00f6gliche L\u00f6sungen. In meinem Workshop lernen Sie, Ihre Tr\u00e4ume zu deuten und sie auf Ihr t\u00e4gliches Leben anzuwenden.\u00a0<\/span><span style=\"color: var( --e-global-color-text ); font-family: var( --e-global-typography-text-font-family ), Sans-serif; font-weight: var( --e-global-typography-text-font-weight );\">Die Kosten f\u00fcr einen physischen oder Online-Workshop betragen \u20ac 35 pro Person. Dazu geh\u00f6rt auch eine pers\u00f6nliche Erkl\u00e4rung Ihrer eigenen Tr\u00e4ume. Sie k\u00f6nnen sich per WhatsApp oder E-Mail anmelden (siehe <em>Kontakt<\/em>).<\/span><\/p>\t\t\t\t\t<\/div>\n\t\t\t\t\t\t<\/div>\n\t\t\t\t<\/div>\n\t\t\t\t\t\t<\/div>\n\t\t\t\t\t<\/div>\n\t\t<\/div>\n\t\t\t\t\t\t\t\t<\/div>\n\t\t\t\t\t<\/div>\n\t\t<\/section>\n\t\t\t\t<section class=\"elementor-section elementor-top-section elementor-element elementor-element-143e041 elementor-section-boxed elementor-section-height-default elementor-section-height-default\" data-id=\"143e041\" data-element_type=\"section\">\n\t\t\t\t\t\t<div class=\"elementor-container elementor-column-gap-default\">\n\t\t\t\t\t\t\t<div class=\"elementor-row\">\n\t\t\t\t\t<div class=\"elementor-column elementor-col-100 elementor-top-column elementor-element elementor-element-28fabd9\" data-id=\"28fabd9\" data-element_type=\"column\">\n\t\t\t<div class=\"elementor-column-wrap elementor-element-populated\">\n\t\t\t\t\t\t\t<div class=\"elementor-widget-wrap\">\n\t\t\t\t\t\t<div class=\"elementor-element elementor-element-bb25a31 elementor-align-left elementor-mobile-align-center elementor-widget elementor-widget-button\" data-id=\"bb25a31\" data-element_type=\"widget\" data-widget_type=\"button.default\">\n\t\t\t\t<div class=\"elementor-widget-container\">\n\t\t\t\t\t<div class=\"elementor-button-wrapper\">\n\t\t\t<a href=\"https:\/\/petrabrauncoaching.com\/de\/aanmelden\/\" class=\"elementor-button-link elementor-button elementor-size-md\" role=\"button\">\n\t\t\t\t\t\t<span class=\"elementor-button-content-wrapper\">\n\t\t\t\t\t\t<span class=\"elementor-button-icon elementor-align-icon-right\">\n\t\t\t\t<i aria-hidden=\"true\" class=\"fas fa-angle-double-right\"><\/i>\t\t\t<\/span>\n\t\t\t\t\t\t<span class=\"elementor-button-text\">Anmelden<\/span>\n\t\t<\/span>\n\t\t\t\t\t<\/a>\n\t\t<\/div>\n\t\t\t\t<\/div>\n\t\t\t\t<\/div>\n\t\t\t\t\t\t<\/div>\n\t\t\t\t\t<\/div>\n\t\t<\/div>\n\t\t\t\t\t\t\t\t<\/div>\n\t\t\t\t\t<\/div>\n\t\t<\/section>\n\t\t\t\t\t\t<\/div>\n\t\t\t\t\t\t<\/div>\n\t\t\t\t\t<\/div>","protected":false},"excerpt":{"rendered":"<p>Dromenverklaring Een droom is je innerlijke psycholoog. Als je droomt, toont je onderbewustzijn je problemen, conflicten, verlangens, hoop en mogelijke oplossingen. In mijn workshop leer je je dromen te interpreteren en toe te passen in je dagelijks leven.\u00a0De kosten van een fysieke of online workshop bedraagt \u20ac 35 per persoon. Dit is inclusief een persoonlijke<br \/><a class=\"btn btn-tislider blog-readmore\" href=\"https:\/\/petrabrauncoaching.com\/de\/dromenverklaring\/\">Weiterlesen<\/a><\/p>","protected":false},"author":2,"featured_media":0,"parent":0,"menu_order":0,"comment_status":"closed","ping_status":"closed","template":"","meta":[],"_links":{"self":[{"href":"https:\/\/petrabrauncoaching.com\/de\/wp-json\/wp\/v2\/pages\/447"}],"collection":[{"href":"https:\/\/petrabrauncoaching.com\/de\/wp-json\/wp\/v2\/pages"}],"about":[{"href":"https:\/\/petrabrauncoaching.com\/de\/wp-json\/wp\/v2\/types\/page"}],"author":[{"embeddable":true,"href":"https:\/\/petrabrauncoaching.com\/de\/wp-json\/wp\/v2\/users\/2"}],"replies":[{"embeddable":true,"href":"https:\/\/petrabrauncoaching.com\/de\/wp-json\/wp\/v2\/comments?post=447"}],"version-history":[{"count":14,"href":"https:\/\/petrabrauncoaching.com\/de\/wp-json\/wp\/v2\/pages\/447\/revisions"}],"predecessor-version":[{"id":734,"href":"https:\/\/petrabrauncoaching.com\/de\/wp-json\/wp\/v2\/pages\/447\/revisions\/734"}],"wp:attachment":[{"href":"https:\/\/petrabrauncoaching.com\/de\/wp-json\/wp\/v2\/media?parent=447"}],"curies":[{"name":"wp","href":"https:\/\/api.w.org\/{rel}","templated":true}]}}