{"id":80,"date":"2020-10-18T10:59:18","date_gmt":"2020-10-18T10:59:18","guid":{"rendered":"https:\/\/petrabrauncoaching.com\/?page_id=80"},"modified":"2025-08-31T09:14:51","modified_gmt":"2025-08-31T09:14:51","slug":"over-mij","status":"publish","type":"page","link":"https:\/\/petrabrauncoaching.com\/de\/over-mij\/","title":{"rendered":"\u00dcber mich"},"content":{"rendered":"<div data-elementor-type=\"wp-page\" data-elementor-id=\"80\" class=\"elementor elementor-80\" data-elementor-settings=\"[]\">\n\t\t\t\t\t\t<div class=\"elementor-inner\">\n\t\t\t\t\t\t\t<div class=\"elementor-section-wrap\">\n\t\t\t\t\t\t\t<section class=\"elementor-section elementor-top-section elementor-element elementor-element-eea9bbb elementor-section-boxed elementor-section-height-default elementor-section-height-default\" data-id=\"eea9bbb\" data-element_type=\"section\">\n\t\t\t\t\t\t<div class=\"elementor-container elementor-column-gap-default\">\n\t\t\t\t\t\t\t<div class=\"elementor-row\">\n\t\t\t\t\t<div class=\"elementor-column elementor-col-100 elementor-top-column elementor-element elementor-element-ff4c1d5\" data-id=\"ff4c1d5\" data-element_type=\"column\">\n\t\t\t<div class=\"elementor-column-wrap elementor-element-populated\">\n\t\t\t\t\t\t\t<div class=\"elementor-widget-wrap\">\n\t\t\t\t\t\t<div class=\"elementor-element elementor-element-8c12a93 elementor-position-top elementor-vertical-align-top elementor-widget elementor-widget-image-box\" data-id=\"8c12a93\" data-element_type=\"widget\" data-widget_type=\"image-box.default\">\n\t\t\t\t<div class=\"elementor-widget-container\">\n\t\t\t<div class=\"elementor-image-box-wrapper\"><figure class=\"elementor-image-box-img\"><img width=\"908\" height=\"1403\" src=\"https:\/\/petrabrauncoaching.com\/wp-content\/uploads\/2020\/12\/Peet-frame.png\" class=\"attachment-full size-full\" alt=\"\" decoding=\"async\" loading=\"lazy\" srcset=\"https:\/\/petrabrauncoaching.com\/wp-content\/uploads\/2020\/12\/Peet-frame.png 908w, https:\/\/petrabrauncoaching.com\/wp-content\/uploads\/2020\/12\/Peet-frame-194x300.png 194w, https:\/\/petrabrauncoaching.com\/wp-content\/uploads\/2020\/12\/Peet-frame-663x1024.png 663w, https:\/\/petrabrauncoaching.com\/wp-content\/uploads\/2020\/12\/Peet-frame-768x1187.png 768w\" sizes=\"(max-width: 908px) 100vw, 908px\" \/><\/figure><div class=\"elementor-image-box-content\"><h6 class=\"elementor-image-box-title\">Even voorstellen<\/h6><p class=\"elementor-image-box-description\">Mein Name ist Petra Braun und ich bin 54 Jahre alt. Ich wurde in Groenlo geboren, eine kleine Stadt in der Region Achterhoek. Wegen meines deutschen Vaters und meiner holl\u00e4ndischen Mutter hatte ich bald mit Grenzen zu tun, u.a. weil sie nach ihrer Scheidung jeder in ihr eigenes Land zogen. Nach dem Gymnasium ging ich zum Studium nach Nijmegen (hier habe ich meinen jetzigen Partner zum ersten Mal getroffen). Nach meinem Studium ging ich nach Deutschland, wo ich seit mehr als 25 Jahren in einer Einrichtung f\u00fcr Menschen mit langfristigen geistigen, k\u00f6rperlichen und\/oder psychischen Behinderungen arbeite. Ich lebe mit meinen\n3 erwachsenen S\u00f6hnen in Deutschland und bin seit Jahren in einer Beziehung mit meinem Partner, der selber eine Tochter und einen Sohn aus seiner vorherigen Ehe mitbringt. Ich bin ein erfahrener, zertifizierter Coach und Familienaufsteller. Ich habe die Ausbildungen SPH, Coach4All (NEI\/NLP\/TB), EZI und Shambala Reiki absolviert. Ich habe auch viele Trainingskurse und Workshops besucht, wie zum Beispiel zur Quantumtherapie-Tiefenhypnose und das Fingerlabyrinth. Mein weit gef\u00e4chertes Expertenwissen, tr\u00e4gt dazu bei, mehrere Seiten einer Geschichte zu sehen und zu verstehen. Ich wende dieses Wissen und diese Techniken seit ca. 15 Jahren mit gro\u00dfer Freude sowohl auf Einzel- als auch auf Gruppenebene an. Au\u00dferdem organisiere ich regelm\u00e4\u00dfig Familienaufstellungen und Workshops in den Niederlanden und Deutschland.<\/p><\/div><\/div>\t\t<\/div>\n\t\t\t\t<\/div>\n\t\t\t\t\t\t<\/div>\n\t\t\t\t\t<\/div>\n\t\t<\/div>\n\t\t\t\t\t\t\t\t<\/div>\n\t\t\t\t\t<\/div>\n\t\t<\/section>\n\t\t\t\t<section class=\"elementor-section elementor-top-section elementor-element elementor-element-33a34e5 elementor-section-content-middle elementor-section-boxed elementor-section-height-default elementor-section-height-default\" data-id=\"33a34e5\" data-element_type=\"section\">\n\t\t\t\t\t\t<div class=\"elementor-container elementor-column-gap-default\">\n\t\t\t\t\t\t\t<div class=\"elementor-row\">\n\t\t\t\t\t<div class=\"elementor-column elementor-col-100 elementor-top-column elementor-element elementor-element-13952cf\" data-id=\"13952cf\" data-element_type=\"column\">\n\t\t\t<div class=\"elementor-column-wrap elementor-element-populated\">\n\t\t\t\t\t\t\t<div class=\"elementor-widget-wrap\">\n\t\t\t\t\t\t<div class=\"elementor-element elementor-element-322d31e elementor-align-left elementor-mobile-align-center elementor-widget elementor-widget-button\" data-id=\"322d31e\" data-element_type=\"widget\" data-widget_type=\"button.default\">\n\t\t\t\t<div class=\"elementor-widget-container\">\n\t\t\t\t\t<div class=\"elementor-button-wrapper\">\n\t\t\t<a href=\"https:\/\/petrabrauncoaching.com\/de\/contact\/\" class=\"elementor-button-link elementor-button elementor-size-md\" role=\"button\">\n\t\t\t\t\t\t<span class=\"elementor-button-content-wrapper\">\n\t\t\t\t\t\t<span class=\"elementor-button-icon elementor-align-icon-right\">\n\t\t\t\t<i aria-hidden=\"true\" class=\"fas fa-angle-double-right\"><\/i>\t\t\t<\/span>\n\t\t\t\t\t\t<span class=\"elementor-button-text\">Kontaktieren Sie mich<\/span>\n\t\t<\/span>\n\t\t\t\t\t<\/a>\n\t\t<\/div>\n\t\t\t\t<\/div>\n\t\t\t\t<\/div>\n\t\t\t\t\t\t<\/div>\n\t\t\t\t\t<\/div>\n\t\t<\/div>\n\t\t\t\t\t\t\t\t<\/div>\n\t\t\t\t\t<\/div>\n\t\t<\/section>\n\t\t\t\t\t\t<\/div>\n\t\t\t\t\t\t<\/div>\n\t\t\t\t\t<\/div>","protected":false},"excerpt":{"rendered":"<p>Even voorstellen Mijn naam is Petra Braun en ik ben 54 jaar. Ik ben geboren in Groenlo, een plaatsje in de Achterhoek. Door mijn Duitse vader en Nederlandse moeder had ik al gauw te maken met grenzen, o.a. doordat ze na hun scheiding in hun eigen land gingen wonen. Na de middelbare school ging ik<br \/><a class=\"btn btn-tislider blog-readmore\" href=\"https:\/\/petrabrauncoaching.com\/de\/over-mij\/\">Weiterlesen<\/a><\/p>","protected":false},"author":2,"featured_media":0,"parent":0,"menu_order":0,"comment_status":"closed","ping_status":"closed","template":"","meta":[],"_links":{"self":[{"href":"https:\/\/petrabrauncoaching.com\/de\/wp-json\/wp\/v2\/pages\/80"}],"collection":[{"href":"https:\/\/petrabrauncoaching.com\/de\/wp-json\/wp\/v2\/pages"}],"about":[{"href":"https:\/\/petrabrauncoaching.com\/de\/wp-json\/wp\/v2\/types\/page"}],"author":[{"embeddable":true,"href":"https:\/\/petrabrauncoaching.com\/de\/wp-json\/wp\/v2\/users\/2"}],"replies":[{"embeddable":true,"href":"https:\/\/petrabrauncoaching.com\/de\/wp-json\/wp\/v2\/comments?post=80"}],"version-history":[{"count":48,"href":"https:\/\/petrabrauncoaching.com\/de\/wp-json\/wp\/v2\/pages\/80\/revisions"}],"predecessor-version":[{"id":781,"href":"https:\/\/petrabrauncoaching.com\/de\/wp-json\/wp\/v2\/pages\/80\/revisions\/781"}],"wp:attachment":[{"href":"https:\/\/petrabrauncoaching.com\/de\/wp-json\/wp\/v2\/media?parent=80"}],"curies":[{"name":"wp","href":"https:\/\/api.w.org\/{rel}","templated":true}]}}